{"id":9935,"date":"2021-02-17T12:31:42","date_gmt":"2021-02-17T12:31:42","guid":{"rendered":"https:\/\/augustine.qodeinteractive.com\/?page_id=9935"},"modified":"2021-02-17T12:31:42","modified_gmt":"2021-02-17T12:31:42","slug":"room-slider","status":"publish","type":"page","link":"https:\/\/kairos-hospitality.ch\/en\/rooms\/room-slider\/","title":{"rendered":"Room Slider"},"content":{"rendered":"<div data-elementor-type=\"wp-page\" data-elementor-id=\"9935\" class=\"elementor elementor-9935\">\n\t\t\t\t\t\t\t\t\t<section class=\"elementor-section elementor-top-section elementor-element elementor-element-14741b2 qodef-elementor-content-grid elementor-section-boxed elementor-section-height-default elementor-section-height-default\" data-id=\"14741b2\" data-element_type=\"section\" data-settings=\"{&quot;background_background&quot;:&quot;classic&quot;}\">\n\t\t\t\t\t\t<div class=\"elementor-container elementor-column-gap-default\">\n\t\t\t\t\t<div class=\"elementor-column elementor-col-100 elementor-top-column elementor-element elementor-element-e7e0e1f\" data-id=\"e7e0e1f\" data-element_type=\"column\">\n\t\t\t<div class=\"elementor-widget-wrap elementor-element-populated\">\n\t\t\t\t\t\t\t\t<div class=\"elementor-element elementor-element-ff69361 elementor-widget elementor-widget-augustine_core_room_list\" data-id=\"ff69361\" data-element_type=\"widget\" data-widget_type=\"augustine_core_room_list.default\">\n\t\t\t\t<div class=\"elementor-widget-container\">\n\t\t\t<div class=\"qodef-shortcode qodef-m  qodef-room-list qodef-layout--standard   qodef-skin--default qodef-grid qodef-swiper-container  qodef-gutter--normal qodef-col-num--4 qodef-item-layout--standard qodef--no-bottom-space qodef-pagination--off qodef-responsive--custom qodef-col-num--1440--4 qodef-col-num--1366--4 qodef-col-num--1024--2 qodef-col-num--768--2 qodef-col-num--680--1 qodef-col-num--480--1\" data-options=\"{&quot;slidesPerView&quot;:&quot;4&quot;,&quot;spaceBetween&quot;:30,&quot;loop&quot;:true,&quot;autoplay&quot;:true,&quot;speed&quot;:&quot;&quot;,&quot;speedAnimation&quot;:&quot;&quot;,&quot;centeredSlides&quot;:false,&quot;effect&quot;:&quot;slide&quot;,&quot;customStages&quot;:true,&quot;slidesPerView1440&quot;:&quot;4&quot;,&quot;slidesPerView1366&quot;:&quot;4&quot;,&quot;slidesPerView1024&quot;:&quot;2&quot;,&quot;slidesPerView768&quot;:&quot;2&quot;,&quot;slidesPerView680&quot;:&quot;1&quot;,&quot;slidesPerView480&quot;:&quot;1&quot;,&quot;outsideNavigation&quot;:&quot;yes&quot;,&quot;unique&quot;:&quot;1&quot;}\">\n\t    <div class=\"swiper-wrapper\">\n\t\t<div class=\"qodef-e qodef-room-list-item swiper-slide qodef-item--full\">\n\t<div class=\"qodef-e-inner\">\n\t\t<div class=\"qodef-e-media\">\n\t\t\t\t<div class=\"qodef-e-media-image\" data-swiper-parallax=\"27%\">\n\t\t<a itemprop=\"url\" href=\"https:\/\/kairos-hospitality.ch\/en\/room\/kairos-hospitality\/\">\n\t\t\t<img width=\"1920\" height=\"1218\" src=\"https:\/\/kairos-hospitality.ch\/wp-content\/uploads\/2023\/02\/A7_00376-Edit.jpg\" class=\"attachment-full size-full\" alt=\"\" decoding=\"async\" srcset=\"https:\/\/kairos-hospitality.ch\/wp-content\/uploads\/2023\/02\/A7_00376-Edit.jpg 1920w, https:\/\/kairos-hospitality.ch\/wp-content\/uploads\/2023\/02\/A7_00376-Edit-600x381.jpg 600w, https:\/\/kairos-hospitality.ch\/wp-content\/uploads\/2023\/02\/A7_00376-Edit-300x190.jpg 300w, https:\/\/kairos-hospitality.ch\/wp-content\/uploads\/2023\/02\/A7_00376-Edit-1024x650.jpg 1024w, https:\/\/kairos-hospitality.ch\/wp-content\/uploads\/2023\/02\/A7_00376-Edit-768x487.jpg 768w, https:\/\/kairos-hospitality.ch\/wp-content\/uploads\/2023\/02\/A7_00376-Edit-1536x974.jpg 1536w\" sizes=\"(max-width: 1920px) 100vw, 1920px\" \/>\t\t<\/a>\n\t<\/div>\n\t\t\t\t<span class=\"qodef-e-price\">\n\t\t<span class=\"qodef-e-price-label\">from<\/span>\n\t\t<span class=\"qodef-e-price-value\">&#67;&#72;&#70;200<\/span>\n\t<\/span>\n\t\t<\/div>\n\t\t<div class=\"qodef-e-content\" style=\"margin-bottom: 65px\">\n\t\t\t<h4 itemprop=\"name\" class=\"qodef-e-title entry-title\" >\n\t<a itemprop=\"url\" href=\"https:\/\/kairos-hospitality.ch\/en\/room\/kairos-hospitality\/\">\n\t\tKairos Hospitality\t<\/a>\n<\/h4>\t\t\t<div class=\"qodef-e-info-items\">\n\t\t\t\t    <div class=\"qodef-e-capacity\">\n\t\tCapacity:         <span class=\"qodef-e-capacity-content\">\n\t\t1-2 persons\t\t<\/span>\n    <\/div>\n\t\t\t\t    <div class=\"qodef-e-room-size\">\n\t\tSize:         <span class=\"qodef-e-room-size-content\">\n\t\t\t50m2\t\t<\/span>\n    <\/div>\n\t\t\t<\/div>\n\t\t\t\t\t<p itemprop=\"description\" class=\"qodef-e-excerpt\">Kairos Hospitalit\u00e9 Appartement de charme et de haut standing de deux pi\u00e8ces am\u00e9nag\u00e9 avec go\u00fbt (50 m2) dans un chalet authentique <\/p>\n\t\t\t\t<div class=\"qodef-e-button\">\n\t<a class=\"qodef-shortcode qodef-m  qodef-button qodef-layout--textual qodef-size--normal qodef-html--link\" href=\"https:\/\/kairos-hospitality.ch\/en\/room\/kairos-hospitality\/\" target=\"_self\"  >\t<span class=\"qodef-m-text\">Book Suite<\/span><\/a>\t\t<\/div>\t\t<\/div>\n\t<\/div>\n<\/div><div class=\"qodef-e qodef-room-list-item swiper-slide qodef-item--full\">\n\t<div class=\"qodef-e-inner\">\n\t\t<div class=\"qodef-e-media\">\n\t\t\t\t<div class=\"qodef-e-media-image\" data-swiper-parallax=\"27%\">\n\t\t<a itemprop=\"url\" href=\"https:\/\/kairos-hospitality.ch\/en\/room\/degustation\/\">\n\t\t\t<img width=\"1920\" height=\"1281\" src=\"https:\/\/kairos-hospitality.ch\/wp-content\/uploads\/2023\/02\/20230117-1530-7662-MSKY.jpg\" class=\"attachment-full size-full\" alt=\"\" decoding=\"async\" srcset=\"https:\/\/kairos-hospitality.ch\/wp-content\/uploads\/2023\/02\/20230117-1530-7662-MSKY.jpg 1920w, https:\/\/kairos-hospitality.ch\/wp-content\/uploads\/2023\/02\/20230117-1530-7662-MSKY-600x400.jpg 600w, https:\/\/kairos-hospitality.ch\/wp-content\/uploads\/2023\/02\/20230117-1530-7662-MSKY-300x200.jpg 300w, https:\/\/kairos-hospitality.ch\/wp-content\/uploads\/2023\/02\/20230117-1530-7662-MSKY-1024x683.jpg 1024w, https:\/\/kairos-hospitality.ch\/wp-content\/uploads\/2023\/02\/20230117-1530-7662-MSKY-768x512.jpg 768w, https:\/\/kairos-hospitality.ch\/wp-content\/uploads\/2023\/02\/20230117-1530-7662-MSKY-1536x1025.jpg 1536w\" sizes=\"(max-width: 1920px) 100vw, 1920px\" \/>\t\t<\/a>\n\t<\/div>\n\t\t\t\t<span class=\"qodef-e-price\">\n\t\t<span class=\"qodef-e-price-label\">from<\/span>\n\t\t<span class=\"qodef-e-price-value\">&#67;&#72;&#70;250<\/span>\n\t<\/span>\n\t\t<\/div>\n\t\t<div class=\"qodef-e-content\" style=\"margin-bottom: 65px\">\n\t\t\t<h4 itemprop=\"name\" class=\"qodef-e-title entry-title\" >\n\t<a itemprop=\"url\" href=\"https:\/\/kairos-hospitality.ch\/en\/room\/degustation\/\">\n\t\tKairos Degustation\t<\/a>\n<\/h4>\t\t\t<div class=\"qodef-e-info-items\">\n\t\t\t\t    <div class=\"qodef-e-capacity\">\n\t\tCapacity:         <span class=\"qodef-e-capacity-content\">\n\t\t1-2 persons\t\t<\/span>\n    <\/div>\n\t\t\t\t    <div class=\"qodef-e-room-size\">\n\t\tSize:         <span class=\"qodef-e-room-size-content\">\n\t\t\t50m2\t\t<\/span>\n    <\/div>\n\t\t\t<\/div>\n\t\t\t\t\t<p itemprop=\"description\" class=\"qodef-e-excerpt\"><\/p>\n\t\t\t\t<div class=\"qodef-e-button\">\n\t<a class=\"qodef-shortcode qodef-m  qodef-button qodef-layout--textual qodef-size--normal qodef-html--link\" href=\"https:\/\/kairos-hospitality.ch\/en\/room\/degustation\/\" target=\"_self\"  >\t<span class=\"qodef-m-text\">Book Suite<\/span><\/a>\t\t<\/div>\t\t<\/div>\n\t<\/div>\n<\/div>\t<\/div>\n\t\t<\/div>\t\t<\/div>\n\t\t\t\t<\/div>\n\t\t\t\t\t<\/div>\n\t\t<\/div>\n\t\t\t\t\t\t\t<\/div>\n\t\t<\/section>\n\t\t\t\t\t\t\t<\/div>","protected":false},"excerpt":{"rendered":"<p>from &#36;108 Studio Suite Capacity: 1-4 persons Size: 54m2 Lorem ipsum dolor sit amet, in nam denique suavitate repudiandae, homero dictas omnesque duo et. Novum dignissim consectetuer ei mel. Book Suite from &#36;136 Junior Suite Capacity: 2-5 persons Size: 54m2 Lorem ipsum dolor sit amet, in nam denique suavitate repudiandae, homero dictas omnesque duo et. [&hellip;]<\/p>","protected":false},"author":1,"featured_media":0,"parent":595,"menu_order":0,"comment_status":"closed","ping_status":"closed","template":"page-full-width.php","meta":{"inline_featured_image":false},"_links":{"self":[{"href":"https:\/\/kairos-hospitality.ch\/en\/wp-json\/wp\/v2\/pages\/9935"}],"collection":[{"href":"https:\/\/kairos-hospitality.ch\/en\/wp-json\/wp\/v2\/pages"}],"about":[{"href":"https:\/\/kairos-hospitality.ch\/en\/wp-json\/wp\/v2\/types\/page"}],"author":[{"embeddable":true,"href":"https:\/\/kairos-hospitality.ch\/en\/wp-json\/wp\/v2\/users\/1"}],"replies":[{"embeddable":true,"href":"https:\/\/kairos-hospitality.ch\/en\/wp-json\/wp\/v2\/comments?post=9935"}],"version-history":[{"count":0,"href":"https:\/\/kairos-hospitality.ch\/en\/wp-json\/wp\/v2\/pages\/9935\/revisions"}],"up":[{"embeddable":true,"href":"https:\/\/kairos-hospitality.ch\/en\/wp-json\/wp\/v2\/pages\/595"}],"wp:attachment":[{"href":"https:\/\/kairos-hospitality.ch\/en\/wp-json\/wp\/v2\/media?parent=9935"}],"curies":[{"name":"wp","href":"https:\/\/api.w.org\/{rel}","templated":true}]}}