{"id":595,"date":"2020-11-18T09:19:38","date_gmt":"2020-11-18T09:19:38","guid":{"rendered":"https:\/\/augustine.qodeinteractive.com\/?page_id=595"},"modified":"2020-11-18T09:19:38","modified_gmt":"2020-11-18T09:19:38","slug":"rooms","status":"publish","type":"page","link":"https:\/\/kairos-hospitality.ch\/en\/rooms\/","title":{"rendered":"Rooms"},"content":{"rendered":"<div data-elementor-type=\"wp-page\" data-elementor-id=\"595\" class=\"elementor elementor-595\">\n\t\t\t\t\t\t\t\t\t<section class=\"elementor-section elementor-top-section elementor-element elementor-element-74604f9d qodef-elementor-content-grid elementor-section-boxed elementor-section-height-default elementor-section-height-default\" data-id=\"74604f9d\" data-element_type=\"section\">\n\t\t\t\t\t\t<div class=\"elementor-container elementor-column-gap-default\">\n\t\t\t\t\t<div class=\"elementor-column elementor-col-100 elementor-top-column elementor-element elementor-element-4472c6e\" data-id=\"4472c6e\" data-element_type=\"column\">\n\t\t\t<div class=\"elementor-widget-wrap elementor-element-populated\">\n\t\t\t\t\t\t\t\t<div class=\"elementor-element elementor-element-271ebe75 elementor-widget elementor-widget-augustine_core_room_list\" data-id=\"271ebe75\" data-element_type=\"widget\" data-widget_type=\"augustine_core_room_list.default\">\n\t\t\t\t<div class=\"elementor-widget-container\">\n\t\t\t<div class=\"qodef-shortcode qodef-m  qodef-room-list qodef-layout--standard   qodef-skin--default qodef-grid qodef-layout--columns  qodef-gutter--normal qodef-col-num--2 qodef-item-layout--standard qodef--no-bottom-space qodef-pagination--off qodef-responsive--custom qodef-col-num--1440--2 qodef-col-num--1366--2 qodef-col-num--1024--2 qodef-col-num--768--1 qodef-col-num--680--1 qodef-col-num--480--1\" data-options=\"{&quot;plugin&quot;:&quot;augustine_core&quot;,&quot;module&quot;:&quot;post-types\\\/room\\\/shortcodes&quot;,&quot;shortcode&quot;:&quot;room-list&quot;,&quot;post_type&quot;:&quot;room&quot;,&quot;next_page&quot;:&quot;2&quot;,&quot;max_pages_num&quot;:1,&quot;list_skin&quot;:&quot;default&quot;,&quot;posts_per_page&quot;:&quot;6&quot;,&quot;orderby&quot;:&quot;date&quot;,&quot;order&quot;:&quot;ASC&quot;,&quot;behavior&quot;:&quot;columns&quot;,&quot;images_proportion&quot;:&quot;full&quot;,&quot;columns&quot;:&quot;2&quot;,&quot;columns_responsive&quot;:&quot;custom&quot;,&quot;columns_1440&quot;:&quot;2&quot;,&quot;columns_1366&quot;:&quot;2&quot;,&quot;columns_1024&quot;:&quot;2&quot;,&quot;columns_768&quot;:&quot;1&quot;,&quot;columns_680&quot;:&quot;1&quot;,&quot;columns_480&quot;:&quot;1&quot;,&quot;space&quot;:&quot;normal&quot;,&quot;layout&quot;:&quot;standard&quot;,&quot;title_tag&quot;:&quot;h4&quot;,&quot;excerpt_length&quot;:&quot;218&quot;,&quot;content_bottom_margin&quot;:&quot;65px&quot;,&quot;pagination_type&quot;:&quot;no-pagination&quot;,&quot;object_class_name&quot;:&quot;AugustineCoreRoomListShortcode&quot;,&quot;unique&quot;:&quot;1&quot;,&quot;item_classes&quot;:&quot;qodef-e qodef-room-list-item qodef-grid-item&quot;,&quot;content_style&quot;:[&quot;margin-bottom: 65px&quot;],&quot;space_value&quot;:15}\">\n\t\t<div class=\"qodef-grid-inner clear\">\n\t\t<div class=\"qodef-e qodef-room-list-item qodef-grid-item qodef-item--full\">\n\t<div class=\"qodef-e-inner\">\n\t\t<div class=\"qodef-e-media\">\n\t\t\t\t<div class=\"qodef-e-media-image\" data-swiper-parallax=\"27%\">\n\t\t<a itemprop=\"url\" href=\"https:\/\/kairos-hospitality.ch\/en\/room\/kairos-hospitality\/\">\n\t\t\t<img width=\"1920\" height=\"1218\" src=\"https:\/\/kairos-hospitality.ch\/wp-content\/uploads\/2023\/02\/A7_00376-Edit.jpg\" class=\"attachment-full size-full\" alt=\"\" decoding=\"async\" srcset=\"https:\/\/kairos-hospitality.ch\/wp-content\/uploads\/2023\/02\/A7_00376-Edit.jpg 1920w, https:\/\/kairos-hospitality.ch\/wp-content\/uploads\/2023\/02\/A7_00376-Edit-600x381.jpg 600w, https:\/\/kairos-hospitality.ch\/wp-content\/uploads\/2023\/02\/A7_00376-Edit-300x190.jpg 300w, https:\/\/kairos-hospitality.ch\/wp-content\/uploads\/2023\/02\/A7_00376-Edit-1024x650.jpg 1024w, https:\/\/kairos-hospitality.ch\/wp-content\/uploads\/2023\/02\/A7_00376-Edit-768x487.jpg 768w, https:\/\/kairos-hospitality.ch\/wp-content\/uploads\/2023\/02\/A7_00376-Edit-1536x974.jpg 1536w\" sizes=\"(max-width: 1920px) 100vw, 1920px\" \/>\t\t<\/a>\n\t<\/div>\n\t\t\t\t<span class=\"qodef-e-price\">\n\t\t<span class=\"qodef-e-price-label\">from<\/span>\n\t\t<span class=\"qodef-e-price-value\">&#67;&#72;&#70;200<\/span>\n\t<\/span>\n\t\t<\/div>\n\t\t<div class=\"qodef-e-content\" style=\"margin-bottom: 65px\">\n\t\t\t<h4 itemprop=\"name\" class=\"qodef-e-title entry-title\" >\n\t<a itemprop=\"url\" href=\"https:\/\/kairos-hospitality.ch\/en\/room\/kairos-hospitality\/\">\n\t\tKairos Hospitality\t<\/a>\n<\/h4>\t\t\t<div class=\"qodef-e-info-items\">\n\t\t\t\t    <div class=\"qodef-e-capacity\">\n\t\tCapacity:         <span class=\"qodef-e-capacity-content\">\n\t\t1-2 persons\t\t<\/span>\n    <\/div>\n\t\t\t\t    <div class=\"qodef-e-room-size\">\n\t\tSize:         <span class=\"qodef-e-room-size-content\">\n\t\t\t50m2\t\t<\/span>\n    <\/div>\n\t\t\t<\/div>\n\t\t\t\t\t<p itemprop=\"description\" class=\"qodef-e-excerpt\">Kairos Hospitalit\u00e9 Appartement de charme et de haut standing de deux pi\u00e8ces am\u00e9nag\u00e9 avec go\u00fbt (50 m2) dans un chalet authentique construit \u00e0 l\u2019aide de mat\u00e9riaux nobles situ\u00e9 dans le charmant village de Bruson<\/p>\n\t\t\t\t<div class=\"qodef-e-button\">\n\t<a class=\"qodef-shortcode qodef-m  qodef-button qodef-layout--textual qodef-size--normal qodef-html--link\" href=\"https:\/\/kairos-hospitality.ch\/en\/room\/kairos-hospitality\/\" target=\"_self\"  >\t<span class=\"qodef-m-text\">Book Suite<\/span><\/a>\t\t<\/div>\t\t<\/div>\n\t<\/div>\n<\/div><div class=\"qodef-e qodef-room-list-item qodef-grid-item qodef-item--full\">\n\t<div class=\"qodef-e-inner\">\n\t\t<div class=\"qodef-e-media\">\n\t\t\t\t<div class=\"qodef-e-media-image\" data-swiper-parallax=\"27%\">\n\t\t<a itemprop=\"url\" href=\"https:\/\/kairos-hospitality.ch\/en\/room\/degustation\/\">\n\t\t\t<img width=\"1920\" height=\"1281\" src=\"https:\/\/kairos-hospitality.ch\/wp-content\/uploads\/2023\/02\/20230117-1530-7662-MSKY.jpg\" class=\"attachment-full size-full\" alt=\"\" decoding=\"async\" srcset=\"https:\/\/kairos-hospitality.ch\/wp-content\/uploads\/2023\/02\/20230117-1530-7662-MSKY.jpg 1920w, https:\/\/kairos-hospitality.ch\/wp-content\/uploads\/2023\/02\/20230117-1530-7662-MSKY-600x400.jpg 600w, https:\/\/kairos-hospitality.ch\/wp-content\/uploads\/2023\/02\/20230117-1530-7662-MSKY-300x200.jpg 300w, https:\/\/kairos-hospitality.ch\/wp-content\/uploads\/2023\/02\/20230117-1530-7662-MSKY-1024x683.jpg 1024w, https:\/\/kairos-hospitality.ch\/wp-content\/uploads\/2023\/02\/20230117-1530-7662-MSKY-768x512.jpg 768w, https:\/\/kairos-hospitality.ch\/wp-content\/uploads\/2023\/02\/20230117-1530-7662-MSKY-1536x1025.jpg 1536w\" sizes=\"(max-width: 1920px) 100vw, 1920px\" \/>\t\t<\/a>\n\t<\/div>\n\t\t\t\t<span class=\"qodef-e-price\">\n\t\t<span class=\"qodef-e-price-label\">from<\/span>\n\t\t<span class=\"qodef-e-price-value\">&#67;&#72;&#70;250<\/span>\n\t<\/span>\n\t\t<\/div>\n\t\t<div class=\"qodef-e-content\" style=\"margin-bottom: 65px\">\n\t\t\t<h4 itemprop=\"name\" class=\"qodef-e-title entry-title\" >\n\t<a itemprop=\"url\" href=\"https:\/\/kairos-hospitality.ch\/en\/room\/degustation\/\">\n\t\tKairos Degustation\t<\/a>\n<\/h4>\t\t\t<div class=\"qodef-e-info-items\">\n\t\t\t\t    <div class=\"qodef-e-capacity\">\n\t\tCapacity:         <span class=\"qodef-e-capacity-content\">\n\t\t1-2 persons\t\t<\/span>\n    <\/div>\n\t\t\t\t    <div class=\"qodef-e-room-size\">\n\t\tSize:         <span class=\"qodef-e-room-size-content\">\n\t\t\t50m2\t\t<\/span>\n    <\/div>\n\t\t\t<\/div>\n\t\t\t\t\t<p itemprop=\"description\" class=\"qodef-e-excerpt\">D\u00e9couverte des vins fins valaisans dans un caveau priv\u00e9 au coeur du Val de Bagnes Le vin en Valais repr\u00e9sente un univers infini d\u2019ar\u00f4mes et de belles histoires n\u00e9s de la passion, de l\u2019excellence et du labeur d<\/p>\n\t\t\t\t<div class=\"qodef-e-button\">\n\t<a class=\"qodef-shortcode qodef-m  qodef-button qodef-layout--textual qodef-size--normal qodef-html--link\" href=\"https:\/\/kairos-hospitality.ch\/en\/room\/degustation\/\" target=\"_self\"  >\t<span class=\"qodef-m-text\">Book Suite<\/span><\/a>\t\t<\/div>\t\t<\/div>\n\t<\/div>\n<\/div>\t<\/div>\n\t<\/div>\t\t<\/div>\n\t\t\t\t<\/div>\n\t\t\t\t\t<\/div>\n\t\t<\/div>\n\t\t\t\t\t\t\t<\/div>\n\t\t<\/section>\n\t\t\t\t\t\t\t<\/div>","protected":false},"excerpt":{"rendered":"<p>from &#36;108 Studio Suite Capacity: 1-4 persons Size: 54m2 Lorem ipsum dolor sit amet, in nam denique suavitate repudiandae, homero dictas omnesque duo et. Novum dignissim consectetuer ei mel. Ne patrioque consequat persequeris usu, duo inani imperdiet deseruisse in, no tation Book Suite from &#36;136 Junior Suite Capacity: 2-5 persons Size: 54m2 Lorem ipsum dolor [&hellip;]<\/p>","protected":false},"author":1,"featured_media":0,"parent":0,"menu_order":0,"comment_status":"closed","ping_status":"closed","template":"page-full-width.php","meta":{"inline_featured_image":false},"_links":{"self":[{"href":"https:\/\/kairos-hospitality.ch\/en\/wp-json\/wp\/v2\/pages\/595"}],"collection":[{"href":"https:\/\/kairos-hospitality.ch\/en\/wp-json\/wp\/v2\/pages"}],"about":[{"href":"https:\/\/kairos-hospitality.ch\/en\/wp-json\/wp\/v2\/types\/page"}],"author":[{"embeddable":true,"href":"https:\/\/kairos-hospitality.ch\/en\/wp-json\/wp\/v2\/users\/1"}],"replies":[{"embeddable":true,"href":"https:\/\/kairos-hospitality.ch\/en\/wp-json\/wp\/v2\/comments?post=595"}],"version-history":[{"count":0,"href":"https:\/\/kairos-hospitality.ch\/en\/wp-json\/wp\/v2\/pages\/595\/revisions"}],"wp:attachment":[{"href":"https:\/\/kairos-hospitality.ch\/en\/wp-json\/wp\/v2\/media?parent=595"}],"curies":[{"name":"wp","href":"https:\/\/api.w.org\/{rel}","templated":true}]}}