{"id":416,"date":"2020-11-13T11:29:49","date_gmt":"2020-11-13T11:29:49","guid":{"rendered":"https:\/\/augustine.qodeinteractive.com\/?page_id=416"},"modified":"2020-11-13T11:29:49","modified_gmt":"2020-11-13T11:29:49","slug":"full-info-list","status":"publish","type":"page","link":"https:\/\/kairos-hospitality.ch\/en\/rooms\/full-info-list\/","title":{"rendered":"Full Info List"},"content":{"rendered":"<div data-elementor-type=\"wp-page\" data-elementor-id=\"416\" class=\"elementor elementor-416\">\n\t\t\t\t\t\t\t\t\t<section class=\"elementor-section elementor-top-section elementor-element elementor-element-14741b2 qodef-elementor-content-grid elementor-section-boxed elementor-section-height-default elementor-section-height-default\" data-id=\"14741b2\" data-element_type=\"section\">\n\t\t\t\t\t\t<div class=\"elementor-container elementor-column-gap-default\">\n\t\t\t\t\t<div class=\"elementor-column elementor-col-100 elementor-top-column elementor-element elementor-element-e7e0e1f\" data-id=\"e7e0e1f\" data-element_type=\"column\">\n\t\t\t<div class=\"elementor-widget-wrap elementor-element-populated\">\n\t\t\t\t\t\t\t\t<div class=\"elementor-element elementor-element-262d9b0 elementor-widget elementor-widget-augustine_core_room_gallery_list\" data-id=\"262d9b0\" data-element_type=\"widget\" data-widget_type=\"augustine_core_room_gallery_list.default\">\n\t\t\t\t<div class=\"elementor-widget-container\">\n\t\t\t<div class=\"qodef-shortcode qodef-m  qodef-room-gallery-list qodef-grid qodef-layout--gallery  qodef-gutter--no qodef-col-num--1 qodef-item-layout--standard qodef-responsive--predefined\">\n\t<div class=\"qodef-grid-inner clear\">\n\t\t<article class=\"qodef-e qodef-room-gallery-list-item qodef-grid-item\">\n\t<div class=\"qodef-e-inner\">\n\t\t<div class=\"qodef-e-media\">\n\t\t\t\t<div class=\"qodef-e-media-image\">\n\t\t<a itemprop=\"url\" href=\"https:\/\/kairos-hospitality.ch\/en\/room\/kairos-hospitality\/\">\n\t\t\t<img width=\"1920\" height=\"1218\" src=\"https:\/\/kairos-hospitality.ch\/wp-content\/uploads\/2023\/02\/A7_00376-Edit.jpg\" class=\"attachment-full size-full wp-post-image\" alt=\"\" decoding=\"async\" loading=\"lazy\" srcset=\"https:\/\/kairos-hospitality.ch\/wp-content\/uploads\/2023\/02\/A7_00376-Edit.jpg 1920w, https:\/\/kairos-hospitality.ch\/wp-content\/uploads\/2023\/02\/A7_00376-Edit-600x381.jpg 600w, https:\/\/kairos-hospitality.ch\/wp-content\/uploads\/2023\/02\/A7_00376-Edit-300x190.jpg 300w, https:\/\/kairos-hospitality.ch\/wp-content\/uploads\/2023\/02\/A7_00376-Edit-1024x650.jpg 1024w, https:\/\/kairos-hospitality.ch\/wp-content\/uploads\/2023\/02\/A7_00376-Edit-768x487.jpg 768w, https:\/\/kairos-hospitality.ch\/wp-content\/uploads\/2023\/02\/A7_00376-Edit-1536x974.jpg 1536w\" sizes=\"(max-width: 1920px) 100vw, 1920px\" \/>\t\t<\/a>\n\t<\/div>\n\t\t<\/div>\n\t\t<div class=\"qodef-e-content\">\n\t\t\t<h4 itemprop=\"name\" class=\"qodef-e-title entry-title\" >\n<a itemprop=\"url\" href=\"https:\/\/kairos-hospitality.ch\/en\/room\/kairos-hospitality\/\">\n\tKairos Hospitality<\/a>\n<\/h4>\t\t\t<div class=\"qodef-e-info-items\">\n\t\t\t\t    <div class=\"qodef-e-capacity\">\n\t\tCapacity:         <span class=\"qodef-e-capacity-content qodef-e--value\">\n\t\t1-2 persons\t\t<\/span>\n    <\/div>\n\t\t\t\t    <div class=\"qodef-e-room-size\">\n\t\tSize:         <span class=\"qodef-e-room-size-content qodef-e--value\">\n\t\t\t50m2\t\t<\/span>\n    <\/div>\n\t\t\t\t\t<div class=\"qodef-e-price\">\n\t\t<span class=\"qodef-e-price-label qodef-e--label\">Price:<\/span>\n\t\t<span class=\"qodef-e-price-value qodef-e--value\">&#67;&#72;&#70;200<\/span>\n\t<\/div>\n\t\t\t<\/div>\n\t\t\t\t\t<p itemprop=\"description\" class=\"qodef-e-excerpt\">Kairos Hospitalit\u00e9 Appartement de charme et de haut standing de deux pi\u00e8ces am\u00e9nag\u00e9 avec go\u00fbt (50 m2) dans un chalet authentique construit \u00e0 l\u2019aide de mat\u00e9riaux nobles situ\u00e9 dans le charmant vill<\/p>\n\t\t\t\t<div class=\"qodef-e-button\">\n\t<a class=\"qodef-shortcode qodef-m  qodef-button qodef-layout--textual qodef-size--normal qodef-html--link\" href=\"https:\/\/kairos-hospitality.ch\/en\/room\/kairos-hospitality\/\" target=\"_self\"  >\t<span class=\"qodef-m-text\">Book Suite<\/span><\/a>\t\t<\/div>\t\t<\/div>\n\t<\/div>\n<\/article><article class=\"qodef-e qodef-room-gallery-list-item qodef-grid-item\">\n\t<div class=\"qodef-e-inner\">\n\t\t<div class=\"qodef-e-media\">\n\t\t\t\t\n\t<div class=\"qodef-e-media-slider\">\n\t\t<div class=\"qodef-shortcode qodef-m  qodef-image-gallery      qodef-grid qodef-swiper-container  qodef-gutter--no qodef-col-num--1  qodef-responsive--predefined\" data-options=\"{&quot;slidesPerView&quot;:&quot;1&quot;,&quot;spaceBetween&quot;:0,&quot;loop&quot;:true,&quot;autoplay&quot;:true,&quot;speed&quot;:&quot;&quot;,&quot;speedAnimation&quot;:&quot;1000&quot;,&quot;centeredSlides&quot;:false,&quot;effect&quot;:&quot;&quot;}\" >\t<div class=\"swiper-wrapper\">\t\t<div class=\"qodef-e qodef-image-wrapper qodef-grid-item swiper-slide\">\t\t\t<img width=\"1920\" height=\"985\" src=\"https:\/\/kairos-hospitality.ch\/wp-content\/uploads\/2023\/02\/A7_00805.jpg\" class=\"attachment-full size-full\" alt=\"\" decoding=\"async\" srcset=\"https:\/\/kairos-hospitality.ch\/wp-content\/uploads\/2023\/02\/A7_00805.jpg 1920w, https:\/\/kairos-hospitality.ch\/wp-content\/uploads\/2023\/02\/A7_00805-600x308.jpg 600w, https:\/\/kairos-hospitality.ch\/wp-content\/uploads\/2023\/02\/A7_00805-300x154.jpg 300w, https:\/\/kairos-hospitality.ch\/wp-content\/uploads\/2023\/02\/A7_00805-1024x525.jpg 1024w, https:\/\/kairos-hospitality.ch\/wp-content\/uploads\/2023\/02\/A7_00805-768x394.jpg 768w, https:\/\/kairos-hospitality.ch\/wp-content\/uploads\/2023\/02\/A7_00805-1536x788.jpg 1536w\" sizes=\"(max-width: 1920px) 100vw, 1920px\" \/>\t\t<\/div><div class=\"qodef-e qodef-image-wrapper qodef-grid-item swiper-slide\">\t\t\t<img width=\"1920\" height=\"1317\" src=\"https:\/\/kairos-hospitality.ch\/wp-content\/uploads\/2023\/02\/A7_00802.jpg\" class=\"attachment-full size-full\" alt=\"\" decoding=\"async\" srcset=\"https:\/\/kairos-hospitality.ch\/wp-content\/uploads\/2023\/02\/A7_00802.jpg 1920w, https:\/\/kairos-hospitality.ch\/wp-content\/uploads\/2023\/02\/A7_00802-600x412.jpg 600w, https:\/\/kairos-hospitality.ch\/wp-content\/uploads\/2023\/02\/A7_00802-300x206.jpg 300w, https:\/\/kairos-hospitality.ch\/wp-content\/uploads\/2023\/02\/A7_00802-1024x702.jpg 1024w, https:\/\/kairos-hospitality.ch\/wp-content\/uploads\/2023\/02\/A7_00802-768x527.jpg 768w, https:\/\/kairos-hospitality.ch\/wp-content\/uploads\/2023\/02\/A7_00802-1536x1054.jpg 1536w\" sizes=\"(max-width: 1920px) 100vw, 1920px\" \/>\t\t<\/div><div class=\"qodef-e qodef-image-wrapper qodef-grid-item swiper-slide\">\t\t\t<img width=\"1920\" height=\"1120\" src=\"https:\/\/kairos-hospitality.ch\/wp-content\/uploads\/2023\/02\/A7_00762.jpg\" class=\"attachment-full size-full\" alt=\"\" decoding=\"async\" srcset=\"https:\/\/kairos-hospitality.ch\/wp-content\/uploads\/2023\/02\/A7_00762.jpg 1920w, https:\/\/kairos-hospitality.ch\/wp-content\/uploads\/2023\/02\/A7_00762-600x350.jpg 600w, https:\/\/kairos-hospitality.ch\/wp-content\/uploads\/2023\/02\/A7_00762-300x175.jpg 300w, https:\/\/kairos-hospitality.ch\/wp-content\/uploads\/2023\/02\/A7_00762-1024x597.jpg 1024w, https:\/\/kairos-hospitality.ch\/wp-content\/uploads\/2023\/02\/A7_00762-768x448.jpg 768w, https:\/\/kairos-hospitality.ch\/wp-content\/uploads\/2023\/02\/A7_00762-1536x896.jpg 1536w\" sizes=\"(max-width: 1920px) 100vw, 1920px\" \/>\t\t<\/div><div class=\"qodef-e qodef-image-wrapper qodef-grid-item swiper-slide\">\t\t\t<img width=\"1700\" height=\"1920\" src=\"https:\/\/kairos-hospitality.ch\/wp-content\/uploads\/2023\/02\/A7_00746-Edit.jpg\" class=\"attachment-full size-full\" alt=\"\" decoding=\"async\" srcset=\"https:\/\/kairos-hospitality.ch\/wp-content\/uploads\/2023\/02\/A7_00746-Edit.jpg 1700w, https:\/\/kairos-hospitality.ch\/wp-content\/uploads\/2023\/02\/A7_00746-Edit-600x678.jpg 600w, https:\/\/kairos-hospitality.ch\/wp-content\/uploads\/2023\/02\/A7_00746-Edit-266x300.jpg 266w, https:\/\/kairos-hospitality.ch\/wp-content\/uploads\/2023\/02\/A7_00746-Edit-907x1024.jpg 907w, https:\/\/kairos-hospitality.ch\/wp-content\/uploads\/2023\/02\/A7_00746-Edit-768x867.jpg 768w, https:\/\/kairos-hospitality.ch\/wp-content\/uploads\/2023\/02\/A7_00746-Edit-1360x1536.jpg 1360w\" sizes=\"(max-width: 1700px) 100vw, 1700px\" \/>\t\t<\/div><div class=\"qodef-e qodef-image-wrapper qodef-grid-item swiper-slide\">\t\t\t<img width=\"2007\" height=\"1920\" src=\"https:\/\/kairos-hospitality.ch\/wp-content\/uploads\/2023\/02\/A7_00634-Pano-Edit-copy.jpg\" class=\"attachment-full size-full\" alt=\"\" decoding=\"async\" srcset=\"https:\/\/kairos-hospitality.ch\/wp-content\/uploads\/2023\/02\/A7_00634-Pano-Edit-copy.jpg 2007w, https:\/\/kairos-hospitality.ch\/wp-content\/uploads\/2023\/02\/A7_00634-Pano-Edit-copy-600x574.jpg 600w, https:\/\/kairos-hospitality.ch\/wp-content\/uploads\/2023\/02\/A7_00634-Pano-Edit-copy-300x287.jpg 300w, https:\/\/kairos-hospitality.ch\/wp-content\/uploads\/2023\/02\/A7_00634-Pano-Edit-copy-1024x980.jpg 1024w, https:\/\/kairos-hospitality.ch\/wp-content\/uploads\/2023\/02\/A7_00634-Pano-Edit-copy-768x735.jpg 768w, https:\/\/kairos-hospitality.ch\/wp-content\/uploads\/2023\/02\/A7_00634-Pano-Edit-copy-1536x1469.jpg 1536w\" sizes=\"(max-width: 2007px) 100vw, 2007px\" \/>\t\t<\/div><div class=\"qodef-e qodef-image-wrapper qodef-grid-item swiper-slide\">\t\t\t<img width=\"1920\" height=\"1218\" src=\"https:\/\/kairos-hospitality.ch\/wp-content\/uploads\/2023\/02\/A7_00376-Edit.jpg\" class=\"attachment-full size-full\" alt=\"\" decoding=\"async\" srcset=\"https:\/\/kairos-hospitality.ch\/wp-content\/uploads\/2023\/02\/A7_00376-Edit.jpg 1920w, https:\/\/kairos-hospitality.ch\/wp-content\/uploads\/2023\/02\/A7_00376-Edit-600x381.jpg 600w, https:\/\/kairos-hospitality.ch\/wp-content\/uploads\/2023\/02\/A7_00376-Edit-300x190.jpg 300w, https:\/\/kairos-hospitality.ch\/wp-content\/uploads\/2023\/02\/A7_00376-Edit-1024x650.jpg 1024w, https:\/\/kairos-hospitality.ch\/wp-content\/uploads\/2023\/02\/A7_00376-Edit-768x487.jpg 768w, https:\/\/kairos-hospitality.ch\/wp-content\/uploads\/2023\/02\/A7_00376-Edit-1536x974.jpg 1536w\" sizes=\"(max-width: 1920px) 100vw, 1920px\" \/>\t\t<\/div><div class=\"qodef-e qodef-image-wrapper qodef-grid-item swiper-slide\">\t\t\t<img width=\"1920\" height=\"1384\" src=\"https:\/\/kairos-hospitality.ch\/wp-content\/uploads\/2023\/02\/A7_00439.jpg\" class=\"attachment-full size-full\" alt=\"\" decoding=\"async\" srcset=\"https:\/\/kairos-hospitality.ch\/wp-content\/uploads\/2023\/02\/A7_00439.jpg 1920w, https:\/\/kairos-hospitality.ch\/wp-content\/uploads\/2023\/02\/A7_00439-600x433.jpg 600w, https:\/\/kairos-hospitality.ch\/wp-content\/uploads\/2023\/02\/A7_00439-300x216.jpg 300w, https:\/\/kairos-hospitality.ch\/wp-content\/uploads\/2023\/02\/A7_00439-1024x738.jpg 1024w, https:\/\/kairos-hospitality.ch\/wp-content\/uploads\/2023\/02\/A7_00439-768x554.jpg 768w, https:\/\/kairos-hospitality.ch\/wp-content\/uploads\/2023\/02\/A7_00439-1536x1107.jpg 1536w\" sizes=\"(max-width: 1920px) 100vw, 1920px\" \/>\t\t<\/div><div class=\"qodef-e qodef-image-wrapper qodef-grid-item swiper-slide\">\t\t\t<img width=\"1599\" height=\"1567\" src=\"https:\/\/kairos-hospitality.ch\/wp-content\/uploads\/2023\/02\/A7_00445.jpg\" class=\"attachment-full size-full\" alt=\"\" decoding=\"async\" srcset=\"https:\/\/kairos-hospitality.ch\/wp-content\/uploads\/2023\/02\/A7_00445.jpg 1599w, https:\/\/kairos-hospitality.ch\/wp-content\/uploads\/2023\/02\/A7_00445-600x588.jpg 600w, https:\/\/kairos-hospitality.ch\/wp-content\/uploads\/2023\/02\/A7_00445-300x294.jpg 300w, https:\/\/kairos-hospitality.ch\/wp-content\/uploads\/2023\/02\/A7_00445-1024x1004.jpg 1024w, https:\/\/kairos-hospitality.ch\/wp-content\/uploads\/2023\/02\/A7_00445-768x753.jpg 768w, https:\/\/kairos-hospitality.ch\/wp-content\/uploads\/2023\/02\/A7_00445-1536x1505.jpg 1536w\" sizes=\"(max-width: 1599px) 100vw, 1599px\" \/>\t\t<\/div><div class=\"qodef-e qodef-image-wrapper qodef-grid-item swiper-slide\">\t\t\t<img width=\"1920\" height=\"1324\" src=\"https:\/\/kairos-hospitality.ch\/wp-content\/uploads\/2023\/02\/A7_00490-Pano-Edit-copy.jpg\" class=\"attachment-full size-full\" alt=\"\" decoding=\"async\" srcset=\"https:\/\/kairos-hospitality.ch\/wp-content\/uploads\/2023\/02\/A7_00490-Pano-Edit-copy.jpg 1920w, https:\/\/kairos-hospitality.ch\/wp-content\/uploads\/2023\/02\/A7_00490-Pano-Edit-copy-600x414.jpg 600w, https:\/\/kairos-hospitality.ch\/wp-content\/uploads\/2023\/02\/A7_00490-Pano-Edit-copy-300x207.jpg 300w, https:\/\/kairos-hospitality.ch\/wp-content\/uploads\/2023\/02\/A7_00490-Pano-Edit-copy-1024x706.jpg 1024w, https:\/\/kairos-hospitality.ch\/wp-content\/uploads\/2023\/02\/A7_00490-Pano-Edit-copy-768x530.jpg 768w, https:\/\/kairos-hospitality.ch\/wp-content\/uploads\/2023\/02\/A7_00490-Pano-Edit-copy-1536x1059.jpg 1536w\" sizes=\"(max-width: 1920px) 100vw, 1920px\" \/>\t\t<\/div><div class=\"qodef-e qodef-image-wrapper qodef-grid-item swiper-slide\">\t\t\t<img width=\"1920\" height=\"1516\" src=\"https:\/\/kairos-hospitality.ch\/wp-content\/uploads\/2023\/02\/A7_00559.jpg\" class=\"attachment-full size-full\" alt=\"\" decoding=\"async\" srcset=\"https:\/\/kairos-hospitality.ch\/wp-content\/uploads\/2023\/02\/A7_00559.jpg 1920w, https:\/\/kairos-hospitality.ch\/wp-content\/uploads\/2023\/02\/A7_00559-600x474.jpg 600w, https:\/\/kairos-hospitality.ch\/wp-content\/uploads\/2023\/02\/A7_00559-300x237.jpg 300w, https:\/\/kairos-hospitality.ch\/wp-content\/uploads\/2023\/02\/A7_00559-1024x809.jpg 1024w, https:\/\/kairos-hospitality.ch\/wp-content\/uploads\/2023\/02\/A7_00559-768x606.jpg 768w, https:\/\/kairos-hospitality.ch\/wp-content\/uploads\/2023\/02\/A7_00559-1536x1213.jpg 1536w\" sizes=\"(max-width: 1920px) 100vw, 1920px\" \/>\t\t<\/div><div class=\"qodef-e qodef-image-wrapper qodef-grid-item swiper-slide\">\t\t\t<img width=\"1803\" height=\"1920\" src=\"https:\/\/kairos-hospitality.ch\/wp-content\/uploads\/2023\/02\/A7_00563-Edit.jpg\" class=\"attachment-full size-full\" alt=\"\" decoding=\"async\" srcset=\"https:\/\/kairos-hospitality.ch\/wp-content\/uploads\/2023\/02\/A7_00563-Edit.jpg 1803w, https:\/\/kairos-hospitality.ch\/wp-content\/uploads\/2023\/02\/A7_00563-Edit-600x639.jpg 600w, https:\/\/kairos-hospitality.ch\/wp-content\/uploads\/2023\/02\/A7_00563-Edit-282x300.jpg 282w, https:\/\/kairos-hospitality.ch\/wp-content\/uploads\/2023\/02\/A7_00563-Edit-962x1024.jpg 962w, https:\/\/kairos-hospitality.ch\/wp-content\/uploads\/2023\/02\/A7_00563-Edit-768x818.jpg 768w, https:\/\/kairos-hospitality.ch\/wp-content\/uploads\/2023\/02\/A7_00563-Edit-1442x1536.jpg 1442w\" sizes=\"(max-width: 1803px) 100vw, 1803px\" \/>\t\t<\/div><div class=\"qodef-e qodef-image-wrapper qodef-grid-item swiper-slide\">\t\t\t<img width=\"1280\" height=\"1920\" src=\"https:\/\/kairos-hospitality.ch\/wp-content\/uploads\/2023\/02\/A7_00601.jpg\" class=\"attachment-full size-full\" alt=\"\" decoding=\"async\" srcset=\"https:\/\/kairos-hospitality.ch\/wp-content\/uploads\/2023\/02\/A7_00601.jpg 1280w, https:\/\/kairos-hospitality.ch\/wp-content\/uploads\/2023\/02\/A7_00601-600x900.jpg 600w, https:\/\/kairos-hospitality.ch\/wp-content\/uploads\/2023\/02\/A7_00601-200x300.jpg 200w, https:\/\/kairos-hospitality.ch\/wp-content\/uploads\/2023\/02\/A7_00601-683x1024.jpg 683w, https:\/\/kairos-hospitality.ch\/wp-content\/uploads\/2023\/02\/A7_00601-768x1152.jpg 768w, https:\/\/kairos-hospitality.ch\/wp-content\/uploads\/2023\/02\/A7_00601-1024x1536.jpg 1024w\" sizes=\"(max-width: 1280px) 100vw, 1280px\" \/>\t\t<\/div><div class=\"qodef-e qodef-image-wrapper qodef-grid-item swiper-slide\">\t\t\t<img width=\"1920\" height=\"1375\" src=\"https:\/\/kairos-hospitality.ch\/wp-content\/uploads\/2023\/02\/A7_00320.jpg\" class=\"attachment-full size-full\" alt=\"\" decoding=\"async\" srcset=\"https:\/\/kairos-hospitality.ch\/wp-content\/uploads\/2023\/02\/A7_00320.jpg 1920w, https:\/\/kairos-hospitality.ch\/wp-content\/uploads\/2023\/02\/A7_00320-600x430.jpg 600w, https:\/\/kairos-hospitality.ch\/wp-content\/uploads\/2023\/02\/A7_00320-300x215.jpg 300w, https:\/\/kairos-hospitality.ch\/wp-content\/uploads\/2023\/02\/A7_00320-1024x733.jpg 1024w, https:\/\/kairos-hospitality.ch\/wp-content\/uploads\/2023\/02\/A7_00320-768x550.jpg 768w, https:\/\/kairos-hospitality.ch\/wp-content\/uploads\/2023\/02\/A7_00320-1536x1100.jpg 1536w\" sizes=\"(max-width: 1920px) 100vw, 1920px\" \/>\t\t<\/div><div class=\"qodef-e qodef-image-wrapper qodef-grid-item swiper-slide\">\t\t\t<img width=\"1920\" height=\"1587\" src=\"https:\/\/kairos-hospitality.ch\/wp-content\/uploads\/2023\/02\/A7_00035.jpg\" class=\"attachment-full size-full\" alt=\"\" decoding=\"async\" srcset=\"https:\/\/kairos-hospitality.ch\/wp-content\/uploads\/2023\/02\/A7_00035.jpg 1920w, https:\/\/kairos-hospitality.ch\/wp-content\/uploads\/2023\/02\/A7_00035-600x496.jpg 600w, https:\/\/kairos-hospitality.ch\/wp-content\/uploads\/2023\/02\/A7_00035-300x248.jpg 300w, https:\/\/kairos-hospitality.ch\/wp-content\/uploads\/2023\/02\/A7_00035-1024x846.jpg 1024w, https:\/\/kairos-hospitality.ch\/wp-content\/uploads\/2023\/02\/A7_00035-768x635.jpg 768w, https:\/\/kairos-hospitality.ch\/wp-content\/uploads\/2023\/02\/A7_00035-1536x1270.jpg 1536w\" sizes=\"(max-width: 1920px) 100vw, 1920px\" \/>\t\t<\/div><div class=\"qodef-e qodef-image-wrapper qodef-grid-item swiper-slide\">\t\t\t<img width=\"1920\" height=\"1335\" src=\"https:\/\/kairos-hospitality.ch\/wp-content\/uploads\/2023\/02\/A7_00017.jpg\" class=\"attachment-full size-full\" alt=\"\" decoding=\"async\" srcset=\"https:\/\/kairos-hospitality.ch\/wp-content\/uploads\/2023\/02\/A7_00017.jpg 1920w, https:\/\/kairos-hospitality.ch\/wp-content\/uploads\/2023\/02\/A7_00017-600x417.jpg 600w, https:\/\/kairos-hospitality.ch\/wp-content\/uploads\/2023\/02\/A7_00017-300x209.jpg 300w, https:\/\/kairos-hospitality.ch\/wp-content\/uploads\/2023\/02\/A7_00017-1024x712.jpg 1024w, https:\/\/kairos-hospitality.ch\/wp-content\/uploads\/2023\/02\/A7_00017-768x534.jpg 768w, https:\/\/kairos-hospitality.ch\/wp-content\/uploads\/2023\/02\/A7_00017-1536x1068.jpg 1536w\" sizes=\"(max-width: 1920px) 100vw, 1920px\" \/>\t\t<\/div><div class=\"qodef-e qodef-image-wrapper qodef-grid-item swiper-slide\">\t\t\t<img width=\"1920\" height=\"1252\" src=\"https:\/\/kairos-hospitality.ch\/wp-content\/uploads\/2023\/02\/A7_00015.jpg\" class=\"attachment-full size-full\" alt=\"\" decoding=\"async\" srcset=\"https:\/\/kairos-hospitality.ch\/wp-content\/uploads\/2023\/02\/A7_00015.jpg 1920w, https:\/\/kairos-hospitality.ch\/wp-content\/uploads\/2023\/02\/A7_00015-600x391.jpg 600w, https:\/\/kairos-hospitality.ch\/wp-content\/uploads\/2023\/02\/A7_00015-300x196.jpg 300w, https:\/\/kairos-hospitality.ch\/wp-content\/uploads\/2023\/02\/A7_00015-1024x668.jpg 1024w, https:\/\/kairos-hospitality.ch\/wp-content\/uploads\/2023\/02\/A7_00015-768x501.jpg 768w, https:\/\/kairos-hospitality.ch\/wp-content\/uploads\/2023\/02\/A7_00015-1536x1002.jpg 1536w\" sizes=\"(max-width: 1920px) 100vw, 1920px\" \/>\t\t<\/div><div class=\"qodef-e qodef-image-wrapper qodef-grid-item swiper-slide\">\t\t\t<img width=\"1920\" height=\"1523\" src=\"https:\/\/kairos-hospitality.ch\/wp-content\/uploads\/2023\/02\/A7_00003-Edit.jpg\" class=\"attachment-full size-full\" alt=\"\" decoding=\"async\" srcset=\"https:\/\/kairos-hospitality.ch\/wp-content\/uploads\/2023\/02\/A7_00003-Edit.jpg 1920w, https:\/\/kairos-hospitality.ch\/wp-content\/uploads\/2023\/02\/A7_00003-Edit-600x476.jpg 600w, https:\/\/kairos-hospitality.ch\/wp-content\/uploads\/2023\/02\/A7_00003-Edit-300x238.jpg 300w, https:\/\/kairos-hospitality.ch\/wp-content\/uploads\/2023\/02\/A7_00003-Edit-1024x812.jpg 1024w, https:\/\/kairos-hospitality.ch\/wp-content\/uploads\/2023\/02\/A7_00003-Edit-768x609.jpg 768w, https:\/\/kairos-hospitality.ch\/wp-content\/uploads\/2023\/02\/A7_00003-Edit-1536x1218.jpg 1536w\" sizes=\"(max-width: 1920px) 100vw, 1920px\" \/>\t\t<\/div>\t<\/div>\t\t<div class=\"swiper-button-prev\"><svg  xmlns=\"http:\/\/www.w3.org\/2000\/svg\" xmlns:xlink=\"http:\/\/www.w3.org\/1999\/xlink\" x=\"0px\" y=\"0px\" viewbox=\"0 0 64 64\" stroke-width=\"2\" xml:space=\"preserve\"><polyline points=\"37,15 20,32 37,49\"\/><\/svg><\/div>\t<div class=\"swiper-button-next\"><svg  xmlns=\"http:\/\/www.w3.org\/2000\/svg\" xmlns:xlink=\"http:\/\/www.w3.org\/1999\/xlink\" x=\"0px\" y=\"0px\" viewbox=\"0 0 64 64\" stroke-width=\"2\" xml:space=\"preserve\"><polyline points=\"27,15 44,32 27,49\"\/><\/svg><\/div>\t<\/div>\t<\/div>\n\t\t\t<\/div>\n\t\t<div class=\"qodef-e-content\">\n\t\t\t<h4 itemprop=\"name\" class=\"qodef-e-title entry-title\" >\n<a itemprop=\"url\" href=\"https:\/\/kairos-hospitality.ch\/en\/room\/degustation\/\">\n\tKairos Degustation<\/a>\n<\/h4>\t\t\t<div class=\"qodef-e-info-items\">\n\t\t\t\t    <div class=\"qodef-e-capacity\">\n\t\tCapacity:         <span class=\"qodef-e-capacity-content qodef-e--value\">\n\t\t1-2 persons\t\t<\/span>\n    <\/div>\n\t\t\t\t    <div class=\"qodef-e-room-size\">\n\t\tSize:         <span class=\"qodef-e-room-size-content qodef-e--value\">\n\t\t\t50m2\t\t<\/span>\n    <\/div>\n\t\t\t\t\t<div class=\"qodef-e-price\">\n\t\t<span class=\"qodef-e-price-label qodef-e--label\">Price:<\/span>\n\t\t<span class=\"qodef-e-price-value qodef-e--value\">&#67;&#72;&#70;250<\/span>\n\t<\/div>\n\t\t\t<\/div>\n\t\t\t\t\t<p itemprop=\"description\" class=\"qodef-e-excerpt\">D\u00e9couverte des vins fins valaisans dans un caveau priv\u00e9 au coeur du Val de Bagnes Le vin en Valais repr\u00e9sente un univers infini d\u2019ar\u00f4mes et de belles histoires n\u00e9s de la passion, de l\u2019excellence e<\/p>\n\t\t\t\t<div class=\"qodef-e-button\">\n\t<a class=\"qodef-shortcode qodef-m  qodef-button qodef-layout--textual qodef-size--normal qodef-html--link\" href=\"https:\/\/kairos-hospitality.ch\/en\/room\/degustation\/\" target=\"_self\"  >\t<span class=\"qodef-m-text\">Book Suite<\/span><\/a>\t\t<\/div>\t\t<\/div>\n\t<\/div>\n<\/article>\t<\/div>\n<\/div>\t\t<\/div>\n\t\t\t\t<\/div>\n\t\t\t\t\t<\/div>\n\t\t<\/div>\n\t\t\t\t\t\t\t<\/div>\n\t\t<\/section>\n\t\t\t\t\t\t\t<\/div>","protected":false},"excerpt":{"rendered":"<p>Studio Suite Capacity: 1-4 persons Size: 54m2 Price: &#36;108 Lorem ipsum dolor sit amet, in nam denique suavitate repudiandae, homero dictas omnesque duo et. Novum dignissim consectetuer ei mel. Ne patrioque consequat persequeris usu, duo inani imperdiet deseruisse Book Suite Junior Suite Capacity: 2-5 persons Size: 54m2 Price: &#36;136 Lorem ipsum dolor sit amet, in [&hellip;]<\/p>","protected":false},"author":1,"featured_media":0,"parent":595,"menu_order":0,"comment_status":"closed","ping_status":"closed","template":"page-full-width.php","meta":{"inline_featured_image":false},"_links":{"self":[{"href":"https:\/\/kairos-hospitality.ch\/en\/wp-json\/wp\/v2\/pages\/416"}],"collection":[{"href":"https:\/\/kairos-hospitality.ch\/en\/wp-json\/wp\/v2\/pages"}],"about":[{"href":"https:\/\/kairos-hospitality.ch\/en\/wp-json\/wp\/v2\/types\/page"}],"author":[{"embeddable":true,"href":"https:\/\/kairos-hospitality.ch\/en\/wp-json\/wp\/v2\/users\/1"}],"replies":[{"embeddable":true,"href":"https:\/\/kairos-hospitality.ch\/en\/wp-json\/wp\/v2\/comments?post=416"}],"version-history":[{"count":0,"href":"https:\/\/kairos-hospitality.ch\/en\/wp-json\/wp\/v2\/pages\/416\/revisions"}],"up":[{"embeddable":true,"href":"https:\/\/kairos-hospitality.ch\/en\/wp-json\/wp\/v2\/pages\/595"}],"wp:attachment":[{"href":"https:\/\/kairos-hospitality.ch\/en\/wp-json\/wp\/v2\/media?parent=416"}],"curies":[{"name":"wp","href":"https:\/\/api.w.org\/{rel}","templated":true}]}}