{"id":3249,"date":"2020-12-01T13:12:50","date_gmt":"2020-12-01T12:12:50","guid":{"rendered":"https:\/\/augustine.qodeinteractive.com\/?page_id=3249"},"modified":"2023-07-14T12:37:01","modified_gmt":"2023-07-14T10:37:01","slug":"about-us","status":"publish","type":"page","link":"https:\/\/kairos-hospitality.ch\/en\/about-us\/","title":{"rendered":"The chalet"},"content":{"rendered":"<div data-elementor-type=\"wp-page\" data-elementor-id=\"3249\" class=\"elementor elementor-3249\">\n\t\t\t\t\t\t\t\t\t<section class=\"elementor-section elementor-top-section elementor-element elementor-element-269c446 elementor-section-full_width elementor-section-height-default elementor-section-height-default qodef-elementor-content-no\" data-id=\"269c446\" data-element_type=\"section\">\n\t\t\t\t\t\t<div class=\"elementor-container elementor-column-gap-default\">\n\t\t\t\t\t<div class=\"elementor-column elementor-col-100 elementor-top-column elementor-element elementor-element-429e7668\" data-id=\"429e7668\" data-element_type=\"column\">\n\t\t\t<div class=\"elementor-widget-wrap elementor-element-populated\">\n\t\t\t\t\t\t\t\t<div class=\"elementor-element elementor-element-2134725d elementor-widget elementor-widget-augustine_core_section_title\" data-id=\"2134725d\" data-element_type=\"widget\" data-widget_type=\"augustine_core_section_title.default\">\n\t\t\t\t<div class=\"elementor-widget-container\">\n\t\t\t<div class=\"qodef-shortcode qodef-m  qodef-section-title qodef-alignment--left  qodef-title-appear qodef-title-alt-appear\">\n\t\t\t\t<h1 class=\"qodef-m-title\" >\n\t\t\t\t\tThe chalet\t\t\t<\/h1>\n\t\t<\/div>\t\t<\/div>\n\t\t\t\t<\/div>\n\t\t\t\t\t<\/div>\n\t\t<\/div>\n\t\t\t\t\t\t\t<\/div>\n\t\t<\/section>\n\t\t\t\t<section class=\"elementor-section elementor-top-section elementor-element elementor-element-9b2923c qodef-elementor-content-grid elementor-section-boxed elementor-section-height-default elementor-section-height-default\" data-id=\"9b2923c\" data-element_type=\"section\">\n\t\t\t\t\t\t<div class=\"elementor-container elementor-column-gap-default\">\n\t\t\t\t\t<div class=\"elementor-column elementor-col-50 elementor-top-column elementor-element elementor-element-d0abee9\" data-id=\"d0abee9\" data-element_type=\"column\">\n\t\t\t<div class=\"elementor-widget-wrap elementor-element-populated\">\n\t\t\t\t\t\t\t\t<div class=\"elementor-element elementor-element-1db6ffe elementor-widget__width-initial elementor-widget elementor-widget-text-editor\" data-id=\"1db6ffe\" data-element_type=\"widget\" data-widget_type=\"text-editor.default\">\n\t\t\t\t<div class=\"elementor-widget-container\">\n\t\t\t<style>\/*! elementor - v3.15.0 - 09-08-2023 *\/\n.elementor-widget-text-editor.elementor-drop-cap-view-stacked .elementor-drop-cap{background-color:#69727d;color:#fff}.elementor-widget-text-editor.elementor-drop-cap-view-framed .elementor-drop-cap{color:#69727d;border:3px solid;background-color:transparent}.elementor-widget-text-editor:not(.elementor-drop-cap-view-default) .elementor-drop-cap{margin-top:8px}.elementor-widget-text-editor:not(.elementor-drop-cap-view-default) .elementor-drop-cap-letter{width:1em;height:1em}.elementor-widget-text-editor .elementor-drop-cap{float:left;text-align:center;line-height:1;font-size:50px}.elementor-widget-text-editor .elementor-drop-cap-letter{display:inline-block}<\/style>\t\t\t\t<p class=\"p1\">S\u00ebl\u00e9na is an elegant, contemporary chalet, built with noble materials such as reclaimed timbers, local stone, and slate, with respect for the local architectural style and in total harmony with the charming, authentic village of Bruson. Situated in the heart of the Val de Bagnes in the Swiss canton of the Valais, it is close to the internationally renowned resort of Verbier, with its year-round activities.<span class=\"Apple-converted-space\">\u00a0<\/span><\/p>\t\t\t\t\t\t<\/div>\n\t\t\t\t<\/div>\n\t\t\t\t<div class=\"elementor-element elementor-element-65e051f elementor-widget elementor-widget-button\" data-id=\"65e051f\" data-element_type=\"widget\" data-widget_type=\"button.default\">\n\t\t\t\t<div class=\"elementor-widget-container\">\n\t\t\t\t\t<div class=\"elementor-button-wrapper\">\n\t\t\t<a class=\"elementor-button elementor-button-link elementor-size-md\" href=\"https:\/\/kairos-hospitality.ch\/en\/room\/kairos-hospitality\/\">\n\t\t\t\t\t\t<span class=\"elementor-button-content-wrapper\">\n\t\t\t\t\t\t<span class=\"elementor-button-text\">BOOKING<\/span>\n\t\t<\/span>\n\t\t\t\t\t<\/a>\n\t\t<\/div>\n\t\t\t\t<\/div>\n\t\t\t\t<\/div>\n\t\t\t\t\t<\/div>\n\t\t<\/div>\n\t\t\t\t<div class=\"elementor-column elementor-col-50 elementor-top-column elementor-element elementor-element-a05f9e8\" data-id=\"a05f9e8\" data-element_type=\"column\">\n\t\t\t<div class=\"elementor-widget-wrap elementor-element-populated\">\n\t\t\t\t\t\t\t\t<div class=\"elementor-element elementor-element-40c816a elementor-widget__width-initial elementor-widget elementor-widget-text-editor\" data-id=\"40c816a\" data-element_type=\"widget\" data-widget_type=\"text-editor.default\">\n\t\t\t\t<div class=\"elementor-widget-container\">\n\t\t\t\t\t\t\t<p class=\"p1\">The owners of the chalet S\u00ebl\u00e9na are pleased to welcome you to an elegant, independent, 50m2 apartment, equipped and furnished to the highest level of comfort, and decorated with taste and discernment. The perfect place to relax and enjoy the wealth of summer or winter activities in the Val de Bagnes.<span class=\"Apple-converted-space\">\u00a0<\/span><\/p>\t\t\t\t\t\t<\/div>\n\t\t\t\t<\/div>\n\t\t\t\t\t<\/div>\n\t\t<\/div>\n\t\t\t\t\t\t\t<\/div>\n\t\t<\/section>\n\t\t\t\t<section class=\"elementor-section elementor-top-section elementor-element elementor-element-97e2033 elementor-section-boxed elementor-section-height-default elementor-section-height-default qodef-elementor-content-no\" data-id=\"97e2033\" data-element_type=\"section\">\n\t\t\t\t\t\t<div class=\"elementor-container elementor-column-gap-default\">\n\t\t\t\t\t<div class=\"elementor-column elementor-col-100 elementor-top-column elementor-element elementor-element-8d0d684\" data-id=\"8d0d684\" data-element_type=\"column\">\n\t\t\t<div class=\"elementor-widget-wrap elementor-element-populated\">\n\t\t\t\t\t\t\t\t<div class=\"elementor-element elementor-element-e5fdd71 elementor-widget elementor-widget-sp_wp_carousel_shortcode\" data-id=\"e5fdd71\" data-element_type=\"widget\" data-widget_type=\"sp_wp_carousel_shortcode.default\">\n\t\t\t\t<div class=\"elementor-widget-container\">\n\t\t\t <style id=\"wp_carousel_dynamic_css11524\">#sp-wp-carousel-free-id-11524.sp-wpcp-11524 .wpcp-single-item {border: 1px solid #dddddd;}#sp-wp-carousel-free-id-11524.sp-wpcp-11524 .swiper-button-prev,#sp-wp-carousel-free-id-11524.sp-wpcp-11524 .swiper-button-next,#sp-wp-carousel-free-id-11524.sp-wpcp-11524 .swiper-button-prev:hover,#sp-wp-carousel-free-id-11524.sp-wpcp-11524 .swiper-button-next:hover {background: none;border: none;font-size: 30px;}#sp-wp-carousel-free-id-11524.sp-wpcp-11524 .swiper-button-prev i,#sp-wp-carousel-free-id-11524.sp-wpcp-11524 .swiper-button-next i {color: #aaa;}#sp-wp-carousel-free-id-11524.sp-wpcp-11524 .swiper-button-prev i:hover,#sp-wp-carousel-free-id-11524.sp-wpcp-11524 .swiper-button-next i:hover {color: #178087;}@media screen and (max-width: 479px) {#sp-wp-carousel-free-id-11524.nav-vertical-center {padding: 0;margin:0;}#sp-wp-carousel-free-id-11524.nav-vertical-center .wpcp-next-button,#sp-wp-carousel-free-id-11524.nav-vertical-center .wpcp-prev-button {display: none;}}#sp-wp-carousel-free-id-11524 .wpcpro-row>[class*=\"wpcpro-col-\"] { padding: 0 10px; padding-bottom: 20px;}@media (min-width: 480px) { .wpcpro-row .wpcpro-col-sm-1 { flex: 0 0 100%; max-width: 100%; } .wpcpro-row .wpcpro-col-sm-2 { flex: 0 0 50%; max-width: 50%; } .wpcpro-row .wpcpro-col-sm-2-5 { flex: 0 0 75%; max-width: 75%; } .wpcpro-row .wpcpro-col-sm-3 { flex: 0 0 33.333%; max-width: 33.333%; } .wpcpro-row .wpcpro-col-sm-4 { flex: 0 0 25%; max-width: 25%; } .wpcpro-row .wpcpro-col-sm-5 { flex: 0 0 20%; max-width: 20%; } .wpcpro-row .wpcpro-col-sm-6 { flex: 0 0 16.66666666666667%; max-width: 16.66666666666667%; } .wpcpro-row .wpcpro-col-sm-7 { flex: 0 0 14.28571428%; max-width: 14.28571428%; } .wpcpro-row .wpcpro-col-sm-8 { flex: 0 0 12.5%; max-width: 12.5%; } } @media (max-width: 480px) { .wpcpro-row .wpcpro-col-xs-1 { flex: 0 0 100%; max-width: 100%; } .wpcpro-row .wpcpro-col-xs-2 { flex: 0 0 50%; max-width: 50%; } .wpcpro-row .wpcpro-col-xs-3 { flex: 0 0 33.222%; max-width: 33.222%; } .wpcpro-row .wpcpro-col-xs-4 { flex: 0 0 25%; max-width: 25%; } .wpcpro-row .wpcpro-col-xs-5 { flex: 0 0 20%; max-width: 20%; } .wpcpro-row .wpcpro-col-xs-6 { flex: 0 0 16.6667%; max-width: 16.6667%; } .wpcpro-row .wpcpro-col-xs-7 { flex: 0 0 14.28571428%; max-width: 14.28571428%; } .wpcpro-row .wpcpro-col-xs-8 { flex: 0 0 12.5%; max-width: 12.5%; } } @media (min-width: 736px) { .wpcpro-row .wpcpro-col-md-1 { flex: 0 0 100%; max-width: 100%; } .wpcpro-row .wpcpro-col-md-2 { flex: 0 0 50%; max-width: 50%; } .wpcpro-row .wpcpro-col-md-2-5 { flex: 0 0 75%; max-width: 75%; } .wpcpro-row .wpcpro-col-md-3 { flex: 0 0 33.333%; max-width: 33.333%; } .wpcpro-row .wpcpro-col-md-4 { flex: 0 0 25%; max-width: 25%; } .wpcpro-row .wpcpro-col-md-5 { flex: 0 0 20%; max-width: 20%; } .wpcpro-row .wpcpro-col-md-6 { flex: 0 0 16.66666666666667%; max-width: 16.66666666666667%; } .wpcpro-row .wpcpro-col-md-7 { flex: 0 0 14.28571428%; max-width: 14.28571428%; } .wpcpro-row .wpcpro-col-md-8 { flex: 0 0 12.5%; max-width: 12.5%; } } @media (min-width: 980px) { .wpcpro-row .wpcpro-col-lg-1 { flex: 0 0 100%; max-width: 100%; } .wpcpro-row .wpcpro-col-lg-2 { flex: 0 0 50%; max-width: 50%; } .wpcpro-row .wpcpro-col-lg-3 { flex: 0 0 33.222%; max-width: 33.222%; } .wpcpro-row .wpcpro-col-lg-4 { flex: 0 0 25%; max-width: 25%; } .wpcpro-row .wpcpro-col-lg-5 { flex: 0 0 20%; max-width: 20%; } .wpcpro-row .wpcpro-col-lg-6 { flex: 0 0 16.6667%; max-width: 16.6667%; } .wpcpro-row .wpcpro-col-lg-7 { flex: 0 0 14.28571428%; max-width: 14.28571428%; } .wpcpro-row .wpcpro-col-lg-8 { flex: 0 0 12.5%; max-width: 12.5%; } } @media (min-width: 1200px) { .wpcpro-row .wpcpro-col-xl-1 { flex: 0 0 100%; max-width: 100%; } .wpcpro-row .wpcpro-col-xl-2 { flex: 0 0 50%; max-width: 50%; } .wpcpro-row .wpcpro-col-xl-3 { flex: 0 0 33.22222222%; max-width: 33.22222222%; } .wpcpro-row .wpcpro-col-xl-4 { flex: 0 0 25%; max-width: 25%; } .wpcpro-row .wpcpro-col-xl-5 { flex: 0 0 20%; max-width: 20%; } .wpcpro-row .wpcpro-col-xl-6 { flex: 0 0 16.66667%; max-width: 16.66667%; } .wpcpro-row .wpcpro-col-xl-7 { flex: 0 0 14.28571428%; max-width: 14.28571428%; } .wpcpro-row .wpcpro-col-xl-8 { flex: 0 0 12.5%; max-width: 12.5%; } }<\/style><div class=\"wpcp-carousel-wrapper wpcp-wrapper-11524\">\n\t<div id=\"wpcp-preloader-11524\" class=\"wpcp-carousel-preloader\"><img decoding=\"async\" src=\"https:\/\/kairos-hospitality.ch\/wp-content\/plugins\/wp-carousel-free\/public\/css\/spinner.svg\" alt=\"Preloader Image\" \/><\/div>\t<div class=\"wpcp-carousel-content-wrapper\">\n\t<div id=\"sp-wp-carousel-free-id-11524\" class=\"wpcp-carousel-section sp-wpcp-11524  nav-vertical-center wpcp-image-carousel wpcp-preloader wpcp-standard\" data-swiper='{ \"accessibility\":true, \"spaceBetween\":20, \"arrows\":true, \"freeMode\": false, \"autoplay\":true, \"autoplaySpeed\":3000, \"dots\":false, \"infinite\":true, \"speed\":600, \"pauseOnHover\":true,\t\t\t\"slidesToShow\":{\"lg_desktop\":3, \"desktop\": 3, \"laptop\": 3, \"tablet\": 2, \"mobile\": 1}, \"responsive\":{\"desktop\":1200, \"laptop\": 980, \"tablet\": 736, \"mobile\": 480}, \"rtl\":false, \"lazyLoad\": \"false\", \"swipe\": true, \"draggable\": true, \"swipeToSlide\":false }'   dir=\"ltr\">\n\t\t<div class=\"swiper-wrapper\">\n\t\t<div class=\"swiper-slide\">\n\t<div class=\"wpcp-single-item\">\n\t\t\t<div class=\"wpcp-slide-image\">\n\t\t<img decoding=\"async\" class=\"skip-lazy\" src=\"https:\/\/kairos-hospitality.ch\/wp-content\/uploads\/2023\/07\/20230705-0948-1932-MSKY.jpg\" alt=\"20230705-0948-1932-MSKY\" width=\"1920\" height=\"1281\">\t<\/div>\n\t\t<\/div>\n<\/div>\n\t<div class=\"swiper-slide\">\n\t<div class=\"wpcp-single-item\">\n\t\t\t<div class=\"wpcp-slide-image\">\n\t\t<img decoding=\"async\" class=\"skip-lazy\" src=\"https:\/\/kairos-hospitality.ch\/wp-content\/uploads\/2023\/07\/20230705-0955-1966-MSKY.jpg\" alt=\"20230705-0955-1966-MSKY\" width=\"1281\" height=\"1920\">\t<\/div>\n\t\t<\/div>\n<\/div>\n\t<div class=\"swiper-slide\">\n\t<div class=\"wpcp-single-item\">\n\t\t\t<div class=\"wpcp-slide-image\">\n\t\t<img decoding=\"async\" class=\"skip-lazy\" src=\"https:\/\/kairos-hospitality.ch\/wp-content\/uploads\/2023\/02\/Vue-Nord.jpg\" alt=\"Vue Nord\" width=\"1920\" height=\"905\">\t<\/div>\n\t\t<\/div>\n<\/div>\n\t<div class=\"swiper-slide\">\n\t<div class=\"wpcp-single-item\">\n\t\t\t<div class=\"wpcp-slide-image\">\n\t\t<img decoding=\"async\" class=\"skip-lazy\" src=\"https:\/\/kairos-hospitality.ch\/wp-content\/uploads\/2023\/07\/20230705-0950-1943-MSKY.jpg\" alt=\"20230705-0950-1943-MSKY\" width=\"1920\" height=\"1281\">\t<\/div>\n\t\t<\/div>\n<\/div>\n\t<div class=\"swiper-slide\">\n\t<div class=\"wpcp-single-item\">\n\t\t\t<div class=\"wpcp-slide-image\">\n\t\t<img decoding=\"async\" class=\"skip-lazy\" src=\"https:\/\/kairos-hospitality.ch\/wp-content\/uploads\/2023\/07\/20230704-1651-1884-MSKY.jpg\" alt=\"20230704-1651-1884-MSKY\" width=\"1281\" height=\"1920\">\t<\/div>\n\t\t<\/div>\n<\/div>\n\t<div class=\"swiper-slide\">\n\t<div class=\"wpcp-single-item\">\n\t\t\t<div class=\"wpcp-slide-image\">\n\t\t<img decoding=\"async\" class=\"skip-lazy\" src=\"https:\/\/kairos-hospitality.ch\/wp-content\/uploads\/2023\/02\/studio.jpg\" alt=\"studio\" width=\"1920\" height=\"918\">\t<\/div>\n\t\t<\/div>\n<\/div>\n\t<div class=\"swiper-slide\">\n\t<div class=\"wpcp-single-item\">\n\t\t\t<div class=\"wpcp-slide-image\">\n\t\t<img decoding=\"async\" class=\"skip-lazy\" src=\"https:\/\/kairos-hospitality.ch\/wp-content\/uploads\/2023\/07\/20230704-1602-1753-MSKY.jpg\" alt=\"20230704-1602-1753-MSKY\" width=\"1920\" height=\"1281\">\t<\/div>\n\t\t<\/div>\n<\/div>\n\t<div class=\"swiper-slide\">\n\t<div class=\"wpcp-single-item\">\n\t\t\t<div class=\"wpcp-slide-image\">\n\t\t<img decoding=\"async\" class=\"skip-lazy\" src=\"https:\/\/kairos-hospitality.ch\/wp-content\/uploads\/2023\/02\/studio-new.jpg\" alt=\"studio new\" width=\"1920\" height=\"1397\">\t<\/div>\n\t\t<\/div>\n<\/div>\n\t<div class=\"swiper-slide\">\n\t<div class=\"wpcp-single-item\">\n\t\t\t<div class=\"wpcp-slide-image\">\n\t\t<img decoding=\"async\" class=\"skip-lazy\" src=\"https:\/\/kairos-hospitality.ch\/wp-content\/uploads\/2023\/02\/NIGTH-ANGLE.jpg\" alt=\"NIGTH ANGLE\" width=\"1920\" height=\"1215\">\t<\/div>\n\t\t<\/div>\n<\/div>\n\t<div class=\"swiper-slide\">\n\t<div class=\"wpcp-single-item\">\n\t\t\t<div class=\"wpcp-slide-image\">\n\t\t<img decoding=\"async\" class=\"skip-lazy\" src=\"https:\/\/kairos-hospitality.ch\/wp-content\/uploads\/2023\/07\/20230705-0952-1953-MSKY.jpg\" alt=\"20230705-0952-1953-MSKY\" width=\"1281\" height=\"1920\">\t<\/div>\n\t\t<\/div>\n<\/div>\n\t<div class=\"swiper-slide\">\n\t<div class=\"wpcp-single-item\">\n\t\t\t<div class=\"wpcp-slide-image\">\n\t\t<img decoding=\"async\" class=\"skip-lazy\" src=\"https:\/\/kairos-hospitality.ch\/wp-content\/uploads\/2023\/07\/20230705-0953-1955-MSKY.jpg\" alt=\"20230705-0953-1955-MSKY\" width=\"1281\" height=\"1920\">\t<\/div>\n\t\t<\/div>\n<\/div>\n\t<div class=\"swiper-slide\">\n\t<div class=\"wpcp-single-item\">\n\t\t\t<div class=\"wpcp-slide-image\">\n\t\t<img decoding=\"async\" class=\"skip-lazy\" src=\"https:\/\/kairos-hospitality.ch\/wp-content\/uploads\/2023\/02\/20230117-1721-7735-MSKY.jpg\" alt=\"20230117-1721-7735-MSKY\" width=\"1281\" height=\"1920\">\t<\/div>\n\t\t<\/div>\n<\/div>\n\t<div class=\"swiper-slide\">\n\t<div class=\"wpcp-single-item\">\n\t\t\t<div class=\"wpcp-slide-image\">\n\t\t<img decoding=\"async\" class=\"skip-lazy\" src=\"https:\/\/kairos-hospitality.ch\/wp-content\/uploads\/2023\/07\/20230705-0950-1945-MSKY.jpg\" alt=\"20230705-0950-1945-MSKY\" width=\"1920\" height=\"1281\">\t<\/div>\n\t\t<\/div>\n<\/div>\n\t<div class=\"swiper-slide\">\n\t<div class=\"wpcp-single-item\">\n\t\t\t<div class=\"wpcp-slide-image\">\n\t\t<img decoding=\"async\" class=\"skip-lazy\" src=\"https:\/\/kairos-hospitality.ch\/wp-content\/uploads\/2023\/09\/A7_00051-2-Pano-2-Edit-1.jpg\" alt=\"A7_00051-2-Pano-2-Edit\" width=\"2000\" height=\"1353\">\t<\/div>\n\t\t<\/div>\n<\/div>\n\t<div class=\"swiper-slide\">\n\t<div class=\"wpcp-single-item\">\n\t\t\t<div class=\"wpcp-slide-image\">\n\t\t<img decoding=\"async\" class=\"skip-lazy\" src=\"https:\/\/kairos-hospitality.ch\/wp-content\/uploads\/2023\/09\/20230704-1558-1738-MSKY.jpg\" alt=\"20230704-1558-1738-MSKY\" width=\"2000\" height=\"1334\">\t<\/div>\n\t\t<\/div>\n<\/div>\n\t<div class=\"swiper-slide\">\n\t<div class=\"wpcp-single-item\">\n\t\t\t<div class=\"wpcp-slide-image\">\n\t\t<img decoding=\"async\" class=\"skip-lazy\" src=\"https:\/\/kairos-hospitality.ch\/wp-content\/uploads\/2023\/02\/20230117-1625-7724-MSKY.jpg\" alt=\"20230117-1625-7724-MSKY\" width=\"1281\" height=\"1920\">\t<\/div>\n\t\t<\/div>\n<\/div>\n\t<div class=\"swiper-slide\">\n\t<div class=\"wpcp-single-item\">\n\t\t\t<div class=\"wpcp-slide-image\">\n\t\t<img decoding=\"async\" class=\"skip-lazy\" src=\"https:\/\/kairos-hospitality.ch\/wp-content\/uploads\/2023\/07\/20230705-0943-1911-MSKY.jpg\" alt=\"20230705-0943-1911-MSKY\" width=\"1920\" height=\"1080\">\t<\/div>\n\t\t<\/div>\n<\/div>\n\t<div class=\"swiper-slide\">\n\t<div class=\"wpcp-single-item\">\n\t\t\t<div class=\"wpcp-slide-image\">\n\t\t<img decoding=\"async\" class=\"skip-lazy\" src=\"https:\/\/kairos-hospitality.ch\/wp-content\/uploads\/2023\/02\/Vue-sud-Ouest.jpg\" alt=\"Vue sud Ouest\" width=\"1920\" height=\"851\">\t<\/div>\n\t\t<\/div>\n<\/div>\n\t<div class=\"swiper-slide\">\n\t<div class=\"wpcp-single-item\">\n\t\t\t<div class=\"wpcp-slide-image\">\n\t\t<img decoding=\"async\" class=\"skip-lazy\" src=\"https:\/\/kairos-hospitality.ch\/wp-content\/uploads\/2023\/07\/20230705-0938-1894-MSKY.jpg\" alt=\"20230705-0938-1894-MSKY\" width=\"1920\" height=\"1281\">\t<\/div>\n\t\t<\/div>\n<\/div>\n\t<div class=\"swiper-slide\">\n\t<div class=\"wpcp-single-item\">\n\t\t\t<div class=\"wpcp-slide-image\">\n\t\t<img decoding=\"async\" class=\"skip-lazy\" src=\"https:\/\/kairos-hospitality.ch\/wp-content\/uploads\/2023\/07\/20230705-0938-1895-MSKY.jpg\" alt=\"20230705-0938-1895-MSKY\" width=\"1281\" height=\"1920\">\t<\/div>\n\t\t<\/div>\n<\/div>\n\t<div class=\"swiper-slide\">\n\t<div class=\"wpcp-single-item\">\n\t\t\t<div class=\"wpcp-slide-image\">\n\t\t<img decoding=\"async\" class=\"skip-lazy\" src=\"https:\/\/kairos-hospitality.ch\/wp-content\/uploads\/2023\/07\/20230704-1637-1868-MSKY.jpg\" alt=\"20230704-1637-1868-MSKY\" width=\"1920\" height=\"1281\">\t<\/div>\n\t\t<\/div>\n<\/div>\n\t<div class=\"swiper-slide\">\n\t<div class=\"wpcp-single-item\">\n\t\t\t<div class=\"wpcp-slide-image\">\n\t\t<img decoding=\"async\" class=\"skip-lazy\" src=\"https:\/\/kairos-hospitality.ch\/wp-content\/uploads\/2023\/02\/20230117-1625-7722-MSKY.jpg\" alt=\"20230117-1625-7722-MSKY\" width=\"1920\" height=\"1280\">\t<\/div>\n\t\t<\/div>\n<\/div>\n\t<div class=\"swiper-slide\">\n\t<div class=\"wpcp-single-item\">\n\t\t\t<div class=\"wpcp-slide-image\">\n\t\t<img decoding=\"async\" class=\"skip-lazy\" src=\"https:\/\/kairos-hospitality.ch\/wp-content\/uploads\/2023\/07\/20230704-1634-1852-MSKY.jpg\" alt=\"20230704-1634-1852-MSKY\" width=\"1920\" height=\"1281\">\t<\/div>\n\t\t<\/div>\n<\/div>\n\t<div class=\"swiper-slide\">\n\t<div class=\"wpcp-single-item\">\n\t\t\t<div class=\"wpcp-slide-image\">\n\t\t<img decoding=\"async\" class=\"skip-lazy\" src=\"https:\/\/kairos-hospitality.ch\/wp-content\/uploads\/2023\/02\/A7_00106-2.jpg\" alt=\"A7_00106-2\" width=\"1920\" height=\"1280\">\t<\/div>\n\t\t<\/div>\n<\/div>\n\t<div class=\"swiper-slide\">\n\t<div class=\"wpcp-single-item\">\n\t\t\t<div class=\"wpcp-slide-image\">\n\t\t<img decoding=\"async\" class=\"skip-lazy\" src=\"https:\/\/kairos-hospitality.ch\/wp-content\/uploads\/2023\/02\/A7_00349-2-Pano-Edit.jpg\" alt=\"A7_00349-2-Pano-Edit\" width=\"1920\" height=\"952\">\t<\/div>\n\t\t<\/div>\n<\/div>\n\t<div class=\"swiper-slide\">\n\t<div class=\"wpcp-single-item\">\n\t\t\t<div class=\"wpcp-slide-image\">\n\t\t<img decoding=\"async\" class=\"skip-lazy\" src=\"https:\/\/kairos-hospitality.ch\/wp-content\/uploads\/2023\/07\/20230704-1627-1836-MSKY.jpg\" alt=\"20230704-1627-1836-MSKY\" width=\"1920\" height=\"1281\">\t<\/div>\n\t\t<\/div>\n<\/div>\n\t<div class=\"swiper-slide\">\n\t<div class=\"wpcp-single-item\">\n\t\t\t<div class=\"wpcp-slide-image\">\n\t\t<img decoding=\"async\" class=\"skip-lazy\" src=\"https:\/\/kairos-hospitality.ch\/wp-content\/uploads\/2023\/02\/20230117-1721-7737-MSKY.jpg\" alt=\"20230117-1721-7737-MSKY\" width=\"1920\" height=\"1280\">\t<\/div>\n\t\t<\/div>\n<\/div>\n\t<div class=\"swiper-slide\">\n\t<div class=\"wpcp-single-item\">\n\t\t\t<div class=\"wpcp-slide-image\">\n\t\t<img decoding=\"async\" class=\"skip-lazy\" src=\"https:\/\/kairos-hospitality.ch\/wp-content\/uploads\/2023\/07\/20230705-0949-1938-MSKY.jpg\" alt=\"20230705-0949-1938-MSKY\" width=\"1920\" height=\"1281\">\t<\/div>\n\t\t<\/div>\n<\/div>\n\t<div class=\"swiper-slide\">\n\t<div class=\"wpcp-single-item\">\n\t\t\t<div class=\"wpcp-slide-image\">\n\t\t<img decoding=\"async\" class=\"skip-lazy\" src=\"https:\/\/kairos-hospitality.ch\/wp-content\/uploads\/2023\/07\/20230704-1606-1768-MSKY.jpg\" alt=\"20230704-1606-1768-MSKY\" width=\"1920\" height=\"1281\">\t<\/div>\n\t\t<\/div>\n<\/div>\n\t\t\t<\/div>\n\t\t\t\t<!-- If we need navigation buttons -->\n\t\t\t\t\t<div class=\"wpcp-prev-button swiper-button-prev\"><i class=\"fa fa-angle-left\"><\/i><\/div>\n\t\t\t<div class=\"wpcp-next-button swiper-button-next\"><i class=\"fa fa-angle-right\"><\/i><\/div>\n\t\t\t<\/div>\n\t<\/div>\n<\/div>\n\t\t<\/div>\n\t\t\t\t<\/div>\n\t\t\t\t\t<\/div>\n\t\t<\/div>\n\t\t\t\t\t\t\t<\/div>\n\t\t<\/section>\n\t\t\t\t\t\t\t<\/div>","protected":false},"excerpt":{"rendered":"<p>\u00c0 propos S\u00ebl\u00e9na est un \u00e9l\u00e9gant chalet contemporain, construit \u00e0 l\u2019aide de mat\u00e9riaux nobles tels que vieux bois, pierres apparentes de saxon et toit d\u2019ardoises, dans le respect et en harmonie avec le style architectural du charmant et authentique village qui l\u2019a accueilli&nbsp;: Bruson au c\u0153ur du val de Bagnes dans le canton du Valais, [&hellip;]<\/p>","protected":false},"author":1,"featured_media":0,"parent":0,"menu_order":0,"comment_status":"closed","ping_status":"closed","template":"page-full-width.php","meta":{"inline_featured_image":false},"_links":{"self":[{"href":"https:\/\/kairos-hospitality.ch\/en\/wp-json\/wp\/v2\/pages\/3249"}],"collection":[{"href":"https:\/\/kairos-hospitality.ch\/en\/wp-json\/wp\/v2\/pages"}],"about":[{"href":"https:\/\/kairos-hospitality.ch\/en\/wp-json\/wp\/v2\/types\/page"}],"author":[{"embeddable":true,"href":"https:\/\/kairos-hospitality.ch\/en\/wp-json\/wp\/v2\/users\/1"}],"replies":[{"embeddable":true,"href":"https:\/\/kairos-hospitality.ch\/en\/wp-json\/wp\/v2\/comments?post=3249"}],"version-history":[{"count":29,"href":"https:\/\/kairos-hospitality.ch\/en\/wp-json\/wp\/v2\/pages\/3249\/revisions"}],"predecessor-version":[{"id":11709,"href":"https:\/\/kairos-hospitality.ch\/en\/wp-json\/wp\/v2\/pages\/3249\/revisions\/11709"}],"wp:attachment":[{"href":"https:\/\/kairos-hospitality.ch\/en\/wp-json\/wp\/v2\/media?parent=3249"}],"curies":[{"name":"wp","href":"https:\/\/api.w.org\/{rel}","templated":true}]}}