{"id":11413,"date":"2023-02-25T17:10:25","date_gmt":"2023-02-25T16:10:25","guid":{"rendered":"https:\/\/kairos-hospitality.ch\/?page_id=11413"},"modified":"2024-12-20T15:07:17","modified_gmt":"2024-12-20T14:07:17","slug":"tarifs","status":"publish","type":"page","link":"https:\/\/kairos-hospitality.ch\/en\/tarifs\/","title":{"rendered":"Prices"},"content":{"rendered":"<div data-elementor-type=\"wp-page\" data-elementor-id=\"11413\" class=\"elementor elementor-11413\">\n\t\t\t\t\t\t\t\t\t<section class=\"elementor-section elementor-top-section elementor-element elementor-element-9ad2985 elementor-section-boxed elementor-section-height-default elementor-section-height-default qodef-elementor-content-no\" data-id=\"9ad2985\" data-element_type=\"section\">\n\t\t\t\t\t\t<div class=\"elementor-container elementor-column-gap-default\">\n\t\t\t\t\t<div class=\"elementor-column elementor-col-100 elementor-top-column elementor-element elementor-element-dfbb30a\" data-id=\"dfbb30a\" data-element_type=\"column\">\n\t\t\t<div class=\"elementor-widget-wrap elementor-element-populated\">\n\t\t\t\t\t\t\t\t<div class=\"elementor-element elementor-element-8474d93 elementor-widget elementor-widget-image\" data-id=\"8474d93\" data-element_type=\"widget\" data-widget_type=\"image.default\">\n\t\t\t\t<div class=\"elementor-widget-container\">\n\t\t\t<style>\/*! elementor - v3.15.0 - 09-08-2023 *\/\n.elementor-widget-image{text-align:center}.elementor-widget-image a{display:inline-block}.elementor-widget-image a img[src$=\".svg\"]{width:48px}.elementor-widget-image img{vertical-align:middle;display:inline-block}<\/style>\t\t\t\t\t\t\t\t\t\t\t\t<img decoding=\"async\" width=\"1\" height=\"118\" src=\"https:\/\/kairos-hospitality.ch\/wp-content\/uploads\/2020\/11\/Line-86.jpg\" class=\"attachment-large size-large wp-image-1430\" alt=\"\" \/>\t\t\t\t\t\t\t\t\t\t\t\t\t\t\t<\/div>\n\t\t\t\t<\/div>\n\t\t\t\t<div class=\"elementor-element elementor-element-148f538 elementor-widget elementor-widget-augustine_core_section_title\" data-id=\"148f538\" data-element_type=\"widget\" data-widget_type=\"augustine_core_section_title.default\">\n\t\t\t\t<div class=\"elementor-widget-container\">\n\t\t\t<div class=\"qodef-shortcode qodef-m  qodef-section-title qodef-alignment--left  qodef-title-appear qodef-title-alt-appear\">\n\t\t\t\t<h1 class=\"qodef-m-title\" >\n\t\t\t\t\tTarifs 2024-25\t\t\t<\/h1>\n\t\t<\/div>\t\t<\/div>\n\t\t\t\t<\/div>\n\t\t\t\t<div class=\"elementor-element elementor-element-026aa25 elementor-widget elementor-widget-text-editor\" data-id=\"026aa25\" data-element_type=\"widget\" data-widget_type=\"text-editor.default\">\n\t\t\t\t<div class=\"elementor-widget-container\">\n\t\t\t<style>\/*! elementor - v3.15.0 - 09-08-2023 *\/\n.elementor-widget-text-editor.elementor-drop-cap-view-stacked .elementor-drop-cap{background-color:#69727d;color:#fff}.elementor-widget-text-editor.elementor-drop-cap-view-framed .elementor-drop-cap{color:#69727d;border:3px solid;background-color:transparent}.elementor-widget-text-editor:not(.elementor-drop-cap-view-default) .elementor-drop-cap{margin-top:8px}.elementor-widget-text-editor:not(.elementor-drop-cap-view-default) .elementor-drop-cap-letter{width:1em;height:1em}.elementor-widget-text-editor .elementor-drop-cap{float:left;text-align:center;line-height:1;font-size:50px}.elementor-widget-text-editor .elementor-drop-cap-letter{display:inline-block}<\/style>\t\t\t\t<h5>(in CHF all charges included)<\/h5>\t\t\t\t\t\t<\/div>\n\t\t\t\t<\/div>\n\t\t\t\t<div class=\"elementor-element elementor-element-014af3f elementor-widget elementor-widget-text-editor\" data-id=\"014af3f\" data-element_type=\"widget\" data-widget_type=\"text-editor.default\">\n\t\t\t\t<div class=\"elementor-widget-container\">\n\t\t\t\t\t\t\t<h6><span style=\"background-color: rgb(255, 255, 255); letter-spacing: 0px;\">21 december 2024 until 3 january 2025 :&nbsp;<\/span><span style=\"letter-spacing: 0px; font-weight: bold;\">250.-<\/span><span style=\"background-color: rgb(255, 255, 255); letter-spacing: 0px;\">&nbsp;\/ night<\/span><\/h6>\n<h6 style=\"background-color: #ffffff;\">5 janvier 2025 au 31 janvier 2025 :&nbsp;<span style=\"font-weight: bold;\">200.-<\/span>&nbsp;\/ night<\/h6>\n<h6 style=\"background-color: #ffffff;\">1 february 2025 unitl 8 march 2025 :&nbsp;<span style=\"font-weight: bold;\">220.-<\/span>&nbsp;\/ night<\/h6>\n<h6 style=\"background-color: #ffffff;\">9 march 2025 until 12 april 2025 :&nbsp;<span style=\"font-weight: bold;\">200.-<\/span>&nbsp;\/ night<\/h6>\n<h6 style=\"background-color: #ffffff;\">13 april 2025 until 27 april 2025 :&nbsp;<span style=\"font-weight: bold;\">220.-<\/span>&nbsp;\/ night<\/h6>\n<h6 style=\"background-color: #ffffff;\">28 avril 2025 au 24 mai 2025 : <b>18<span style=\"letter-spacing: -0.02em;\">0<\/span><\/b><span style=\"letter-spacing: -0.02em; font-weight: bold;\">.-<\/span><span style=\"background-color: #ffffff; letter-spacing: -0.02em;\">&nbsp;\/ night<\/span><\/h6>\n<h6 style=\"background-color: #ffffff;\">25 mai 2025 au 13 juin 2025 :&nbsp;<span style=\"letter-spacing: -0.02em; font-weight: bold;\">220.-<\/span><span style=\"background-color: #ffffff; letter-spacing: -0.02em;\">&nbsp;\/ night<\/span><\/h6>\n<h6 style=\"background-color: #ffffff;\"><span style=\"background-color: rgb(255, 255, 255);\">14 juin<\/span><span style=\"background-color: rgb(255, 255, 255);\">&nbsp;2025 au 20 juillet 2025 :&nbsp;<\/span><span style=\"letter-spacing: -0.02em; font-weight: bold;\">200.-<\/span><span style=\"background-color: rgb(255, 255, 255); letter-spacing: -0.02em;\">&nbsp;\/ night<\/span><span style=\"background-color: #ffffff; letter-spacing: -0.02em;\"><\/span><\/h6>\n<h6 style=\"background-color: #ffffff;\"><span style=\"background-color: rgb(255, 255, 255);\">21 juillet<\/span><span style=\"background-color: rgb(255, 255, 255);\">&nbsp;2025 au 31 ao\u00fbt 2025 :&nbsp;<\/span><span style=\"letter-spacing: -0.02em; font-weight: bold;\">220.-<\/span><span style=\"background-color: rgb(255, 255, 255); letter-spacing: -0.02em;\">&nbsp;\/ night<\/span><span style=\"background-color: rgb(255, 255, 255); letter-spacing: -0.02em;\"><\/span><\/h6>\n<h6 style=\"background-color: #ffffff;\"><span style=\"background-color: rgb(255, 255, 255);\">1er septembre<\/span><span style=\"background-color: rgb(255, 255, 255);\">&nbsp;2025 au 31 octobre 2025 :&nbsp;<\/span><span style=\"letter-spacing: -0.02em; font-weight: bold;\">200.-<\/span><span style=\"background-color: rgb(255, 255, 255); letter-spacing: -0.02em;\">&nbsp;\/ night<\/span><span style=\"background-color: rgb(255, 255, 255); letter-spacing: -0.02em;\"><\/span><\/h6>\n<h6 style=\"background-color: #ffffff;\"><span style=\"background-color: rgb(255, 255, 255);\">1er novembre<\/span><span style=\"background-color: rgb(255, 255, 255);\">&nbsp;2025 au 20 d\u00e9cembre 2025 :&nbsp;<\/span><span style=\"letter-spacing: -0.02em; font-weight: bold;\">180.-<\/span><span style=\"background-color: rgb(255, 255, 255); letter-spacing: -0.02em;\">&nbsp;\/ night<\/span><span style=\"background-color: rgb(255, 255, 255); letter-spacing: -0.02em;\"><\/span><\/h6>\n<h6 style=\"background-color: #ffffff;\"><span style=\"background-color: rgb(255, 255, 255);\">21 d\u00e9cembre<\/span><span style=\"background-color: rgb(255, 255, 255);\">&nbsp;2025 au 4 janvier 2026 :&nbsp;<\/span><span style=\"letter-spacing: -0.02em; font-weight: bold;\">250.-<\/span><span style=\"background-color: rgb(255, 255, 255); letter-spacing: -0.02em;\">&nbsp;\/ night<\/span><span style=\"background-color: rgb(255, 255, 255); letter-spacing: -0.02em;\"><\/span><\/h6>\n<h6>&nbsp;&nbsp;<\/h6>\n<h5>Booking Conditions:<\/h5>\n<h6>&#8211; La location est limit\u00e9e \u00e0 deux personnes adultes<\/h6>\n<h6>&#8211; Les tarifs s\u2019appliquent pour un logement de deux personnes, la p\u00e9riode de location est de 5 nuits minimum \u00e0 l\u2019exception de la p\u00e9riode de No\u00ebl\/Nouvel an (10 nuits minimum)<\/h6>\n<h6>&#8211; Tarifs d\u00e9gressifs \u00e0 partir de 10 nuits sur demande<\/h6>\n<h6>&#8211; Les tarifs s\u2019entendent charges, nettoyage et taxes de s\u00e9jour compris<\/h6>\n<h6>&#8211; Un d\u00e9p\u00f4t de garantie de chf 300.- est demand\u00e9 lors de la r\u00e9servation et rembours\u00e9 apr\u00e8s l\u2019\u00e9tat des lieux de d\u00e9part<\/h6>\t\t\t\t\t\t<\/div>\n\t\t\t\t<\/div>\n\t\t\t\t<div class=\"elementor-element elementor-element-2824b84 elementor-widget elementor-widget-button\" data-id=\"2824b84\" data-element_type=\"widget\" data-widget_type=\"button.default\">\n\t\t\t\t<div class=\"elementor-widget-container\">\n\t\t\t\t\t<div class=\"elementor-button-wrapper\">\n\t\t\t<a class=\"elementor-button elementor-button-link elementor-size-md\" href=\"https:\/\/kairos-hospitality.ch\/en\/room\/kairos-hospitality\/\">\n\t\t\t\t\t\t<span class=\"elementor-button-content-wrapper\">\n\t\t\t\t\t\t<span class=\"elementor-button-text\">BOOKING<\/span>\n\t\t<\/span>\n\t\t\t\t\t<\/a>\n\t\t<\/div>\n\t\t\t\t<\/div>\n\t\t\t\t<\/div>\n\t\t\t\t\t<\/div>\n\t\t<\/div>\n\t\t\t\t\t\t\t<\/div>\n\t\t<\/section>\n\t\t\t\t<section class=\"elementor-section elementor-top-section elementor-element elementor-element-09b4b02 elementor-section-boxed elementor-section-height-default elementor-section-height-default qodef-elementor-content-no\" data-id=\"09b4b02\" data-element_type=\"section\">\n\t\t\t\t\t\t<div class=\"elementor-container elementor-column-gap-default\">\n\t\t\t\t\t<div class=\"elementor-column elementor-col-100 elementor-top-column elementor-element elementor-element-e150fa2\" data-id=\"e150fa2\" data-element_type=\"column\">\n\t\t\t<div class=\"elementor-widget-wrap\">\n\t\t\t\t\t\t\t\t\t<\/div>\n\t\t<\/div>\n\t\t\t\t\t\t\t<\/div>\n\t\t<\/section>\n\t\t\t\t<section class=\"elementor-section elementor-top-section elementor-element elementor-element-764d4f9 elementor-section-boxed elementor-section-height-default elementor-section-height-default qodef-elementor-content-no\" data-id=\"764d4f9\" data-element_type=\"section\">\n\t\t\t\t\t\t<div class=\"elementor-container elementor-column-gap-default\">\n\t\t\t\t\t<div class=\"elementor-column elementor-col-100 elementor-top-column elementor-element elementor-element-73176a0\" data-id=\"73176a0\" data-element_type=\"column\">\n\t\t\t<div class=\"elementor-widget-wrap elementor-element-populated\">\n\t\t\t\t\t\t\t\t<div class=\"elementor-element elementor-element-747e154 elementor-widget elementor-widget-image\" data-id=\"747e154\" data-element_type=\"widget\" data-widget_type=\"image.default\">\n\t\t\t\t<div class=\"elementor-widget-container\">\n\t\t\t\t\t\t\t\t\t\t\t\t\t\t\t<img decoding=\"async\" width=\"768\" height=\"550\" src=\"https:\/\/kairos-hospitality.ch\/wp-content\/uploads\/2023\/04\/A7_00320-768x550.jpg\" class=\"attachment-medium_large size-medium_large wp-image-11536\" alt=\"\" srcset=\"https:\/\/kairos-hospitality.ch\/wp-content\/uploads\/2023\/04\/A7_00320-768x550.jpg 768w, https:\/\/kairos-hospitality.ch\/wp-content\/uploads\/2023\/04\/A7_00320-300x215.jpg 300w, https:\/\/kairos-hospitality.ch\/wp-content\/uploads\/2023\/04\/A7_00320-1024x733.jpg 1024w, https:\/\/kairos-hospitality.ch\/wp-content\/uploads\/2023\/04\/A7_00320-1536x1100.jpg 1536w, https:\/\/kairos-hospitality.ch\/wp-content\/uploads\/2023\/04\/A7_00320-600x430.jpg 600w, https:\/\/kairos-hospitality.ch\/wp-content\/uploads\/2023\/04\/A7_00320.jpg 1920w\" sizes=\"(max-width: 768px) 100vw, 768px\" \/>\t\t\t\t\t\t\t\t\t\t\t\t\t\t\t<\/div>\n\t\t\t\t<\/div>\n\t\t\t\t\t<\/div>\n\t\t<\/div>\n\t\t\t\t\t\t\t<\/div>\n\t\t<\/section>\n\t\t\t\t\t\t\t<\/div>","protected":false},"excerpt":{"rendered":"<p>Tarifs 2024-25 (en CHF toutes charges comprises) 21 d\u00e9cembre 2024 au 3 janvier 2025 :&nbsp;250.-&nbsp;\/ nuit 5 janvier 2025 au 31 janvier 2025 :&nbsp;200.-&nbsp;\/ nuit 1er f\u00e9vrier 2025 au 8 mars 2025 :&nbsp;220.-&nbsp;\/ nuit 9 mars 2025 au 12 avril 2025 :&nbsp;200.-&nbsp;\/ nuit 13 avril 2025 au 27 avril 2025 :&nbsp;220.-&nbsp;\/ nuit 28 avril 2025 [&hellip;]<\/p>","protected":false},"author":1,"featured_media":0,"parent":0,"menu_order":0,"comment_status":"closed","ping_status":"closed","template":"","meta":{"inline_featured_image":false},"_links":{"self":[{"href":"https:\/\/kairos-hospitality.ch\/en\/wp-json\/wp\/v2\/pages\/11413"}],"collection":[{"href":"https:\/\/kairos-hospitality.ch\/en\/wp-json\/wp\/v2\/pages"}],"about":[{"href":"https:\/\/kairos-hospitality.ch\/en\/wp-json\/wp\/v2\/types\/page"}],"author":[{"embeddable":true,"href":"https:\/\/kairos-hospitality.ch\/en\/wp-json\/wp\/v2\/users\/1"}],"replies":[{"embeddable":true,"href":"https:\/\/kairos-hospitality.ch\/en\/wp-json\/wp\/v2\/comments?post=11413"}],"version-history":[{"count":83,"href":"https:\/\/kairos-hospitality.ch\/en\/wp-json\/wp\/v2\/pages\/11413\/revisions"}],"predecessor-version":[{"id":11891,"href":"https:\/\/kairos-hospitality.ch\/en\/wp-json\/wp\/v2\/pages\/11413\/revisions\/11891"}],"wp:attachment":[{"href":"https:\/\/kairos-hospitality.ch\/en\/wp-json\/wp\/v2\/media?parent=11413"}],"curies":[{"name":"wp","href":"https:\/\/api.w.org\/{rel}","templated":true}]}}