{"id":11389,"date":"2023-02-25T16:15:13","date_gmt":"2023-02-25T15:15:13","guid":{"rendered":"https:\/\/kairos-hospitality.ch\/?page_id=11389"},"modified":"2023-08-02T19:45:55","modified_gmt":"2023-08-02T17:45:55","slug":"acces-2","status":"publish","type":"page","link":"https:\/\/kairos-hospitality.ch\/en\/acces-2\/","title":{"rendered":"Access"},"content":{"rendered":"<div data-elementor-type=\"wp-page\" data-elementor-id=\"11389\" class=\"elementor elementor-11389\">\n\t\t\t\t\t\t\t\t\t<section class=\"elementor-section elementor-top-section elementor-element elementor-element-f3247b7 elementor-section-full_width qodef-elementor-content-grid elementor-section-height-default elementor-section-height-default\" data-id=\"f3247b7\" data-element_type=\"section\">\n\t\t\t\t\t\t<div class=\"elementor-container elementor-column-gap-default\">\n\t\t\t\t\t<div class=\"elementor-column elementor-col-100 elementor-top-column elementor-element elementor-element-ca7b442\" data-id=\"ca7b442\" data-element_type=\"column\">\n\t\t\t<div class=\"elementor-widget-wrap elementor-element-populated\">\n\t\t\t\t\t\t\t\t<div class=\"elementor-element elementor-element-8736bc0 elementor-widget__width-inherit elementor-widget elementor-widget-image\" data-id=\"8736bc0\" data-element_type=\"widget\" data-widget_type=\"image.default\">\n\t\t\t\t<div class=\"elementor-widget-container\">\n\t\t\t<style>\/*! elementor - v3.15.0 - 09-08-2023 *\/\n.elementor-widget-image{text-align:center}.elementor-widget-image a{display:inline-block}.elementor-widget-image a img[src$=\".svg\"]{width:48px}.elementor-widget-image img{vertical-align:middle;display:inline-block}<\/style>\t\t\t\t\t\t\t\t\t\t\t\t<img decoding=\"async\" width=\"1\" height=\"118\" src=\"https:\/\/kairos-hospitality.ch\/wp-content\/uploads\/2020\/11\/Line-86.jpg\" class=\"attachment-large size-large wp-image-1430\" alt=\"\" \/>\t\t\t\t\t\t\t\t\t\t\t\t\t\t\t<\/div>\n\t\t\t\t<\/div>\n\t\t\t\t\t<\/div>\n\t\t<\/div>\n\t\t\t\t\t\t\t<\/div>\n\t\t<\/section>\n\t\t\t\t<section class=\"elementor-section elementor-top-section elementor-element elementor-element-54f0a5d elementor-section-boxed elementor-section-height-default elementor-section-height-default qodef-elementor-content-no\" data-id=\"54f0a5d\" data-element_type=\"section\">\n\t\t\t\t\t\t<div class=\"elementor-container elementor-column-gap-default\">\n\t\t\t\t\t<div class=\"elementor-column elementor-col-100 elementor-top-column elementor-element elementor-element-d0406a0\" data-id=\"d0406a0\" data-element_type=\"column\">\n\t\t\t<div class=\"elementor-widget-wrap elementor-element-populated\">\n\t\t\t\t\t\t\t\t<div class=\"elementor-element elementor-element-03c8605 elementor-widget elementor-widget-augustine_core_section_title\" data-id=\"03c8605\" data-element_type=\"widget\" data-widget_type=\"augustine_core_section_title.default\">\n\t\t\t\t<div class=\"elementor-widget-container\">\n\t\t\t<div class=\"qodef-shortcode qodef-m  qodef-section-title qodef-alignment--left  qodef-title-appear qodef-title-alt-appear\">\n\t\t\t\t<h1 class=\"qodef-m-title\" >\n\t\t\t\t\tAccess\t\t\t<\/h1>\n\t\t<\/div>\t\t<\/div>\n\t\t\t\t<\/div>\n\t\t\t\t\t<\/div>\n\t\t<\/div>\n\t\t\t\t\t\t\t<\/div>\n\t\t<\/section>\n\t\t\t\t<section class=\"elementor-section elementor-top-section elementor-element elementor-element-3da4743 elementor-section-boxed elementor-section-height-default elementor-section-height-default qodef-elementor-content-no\" data-id=\"3da4743\" data-element_type=\"section\">\n\t\t\t\t\t\t<div class=\"elementor-container elementor-column-gap-default\">\n\t\t\t\t\t<div class=\"elementor-column elementor-col-100 elementor-top-column elementor-element elementor-element-f232e59\" data-id=\"f232e59\" data-element_type=\"column\">\n\t\t\t<div class=\"elementor-widget-wrap elementor-element-populated\">\n\t\t\t\t\t\t\t\t<div class=\"elementor-element elementor-element-f2a5a51 elementor-widget elementor-widget-text-editor\" data-id=\"f2a5a51\" data-element_type=\"widget\" data-widget_type=\"text-editor.default\">\n\t\t\t\t<div class=\"elementor-widget-container\">\n\t\t\t<style>\/*! elementor - v3.15.0 - 09-08-2023 *\/\n.elementor-widget-text-editor.elementor-drop-cap-view-stacked .elementor-drop-cap{background-color:#69727d;color:#fff}.elementor-widget-text-editor.elementor-drop-cap-view-framed .elementor-drop-cap{color:#69727d;border:3px solid;background-color:transparent}.elementor-widget-text-editor:not(.elementor-drop-cap-view-default) .elementor-drop-cap{margin-top:8px}.elementor-widget-text-editor:not(.elementor-drop-cap-view-default) .elementor-drop-cap-letter{width:1em;height:1em}.elementor-widget-text-editor .elementor-drop-cap{float:left;text-align:center;line-height:1;font-size:50px}.elementor-widget-text-editor .elementor-drop-cap-letter{display:inline-block}<\/style>\t\t\t\t<p style=\"font-family: Sarabun,sans-serif; font-size: 16px; line-height: 1.87em; font-weight: 300; color: #505050;\">It is very simple to travel to Switzerland and arrive at Bruson in the Val de Bagnes, either by air, train, or car:\u00a0<a style=\"font-family: var( --e-global-typography-text-font-family ), Sans-serif; font-weight: var( --e-global-typography-text-font-weight );\" href=\"https:\/\/www.Verbier.Ch\/hiver\/mobilite\/venir-en-suisse\" target=\"_blank\" rel=\"noopener\">https:\/\/www.verbier.ch\/summer\/mobility\/coming-to-switzerland\/<\/a><\/p><ul style=\"font-family: Sarabun,sans-serif; font-size: 16px; line-height: 1.87em; font-weight: 300; color: #505050;\"><li>Geneva Cointrin, or Zurich airports<\/li><li>Train connections from Geneva or Zurich to Le Ch\u00e2ble \u2013 Val de Bagnes.<\/li><\/ul><p style=\"font-family: Sarabun,sans-serif; font-size: 16px; line-height: 1.87em; font-weight: 300; color: #505050;\">If you are arriving by public transport, we will be happy to collect you at Le Ch\u00e2ble.<\/p><div><p style=\"font-family: Sarabun,sans-serif; font-size: 16px; line-height: 1.87em; font-weight: 300; color: #505050;\">La maison d&rsquo;h\u00f4te Kairos Hospitality est situ\u00e9e en plein coeur du Val de Bagnes (CH \u20131934 Bruson \/ VS). Elle est id\u00e9alement situ\u00e9e pour r\u00e9pondre \u00e0 vos besoins de loisirs et de d\u00e9couvertes :<\/p><ul style=\"font-family: Sarabun,sans-serif; font-size: 16px; line-height: 1.87em; font-weight: 300; color: #505050;\"><li>30 minutes by car to the world-famous resort of Verbier<\/li><li>2 minutes\u2019 walk to the shuttle stop for the Bruson resort and a 10-minute ride to the foot of the slopes<\/li><li>10 minutes by car to the Le Ch\u00e2ble\/Bruson  - Verbier cablecar<\/li><li>Direct cable car link between Bruson and Verbier 4 Valleys<\/li><li>Local shops, restaurants and ski hire at Le Ch\u00e2ble (10 minutes\u2019 drive)<\/li><\/ul><\/div>\t\t\t\t\t\t<\/div>\n\t\t\t\t<\/div>\n\t\t\t\t\t<\/div>\n\t\t<\/div>\n\t\t\t\t\t\t\t<\/div>\n\t\t<\/section>\n\t\t\t\t<section class=\"elementor-section elementor-top-section elementor-element elementor-element-d34c89b elementor-section-boxed elementor-section-height-default elementor-section-height-default qodef-elementor-content-no\" data-id=\"d34c89b\" data-element_type=\"section\">\n\t\t\t\t\t\t<div class=\"elementor-container elementor-column-gap-default\">\n\t\t\t\t\t<div class=\"elementor-column elementor-col-100 elementor-top-column elementor-element elementor-element-61c5577\" data-id=\"61c5577\" data-element_type=\"column\">\n\t\t\t<div class=\"elementor-widget-wrap elementor-element-populated\">\n\t\t\t\t\t\t\t\t<div class=\"elementor-element elementor-element-c5afc4a elementor-widget elementor-widget-google_maps\" data-id=\"c5afc4a\" data-element_type=\"widget\" data-widget_type=\"google_maps.default\">\n\t\t\t\t<div class=\"elementor-widget-container\">\n\t\t\t<style>\/*! elementor - v3.15.0 - 09-08-2023 *\/\n.elementor-widget-google_maps .elementor-widget-container{overflow:hidden}.elementor-widget-google_maps .elementor-custom-embed{line-height:0}.elementor-widget-google_maps iframe{height:300px}<\/style>\t\t<div class=\"elementor-custom-embed\">\n\t\t\t<iframe loading=\"lazy\"\n\t\t\t\t\tsrc=\"https:\/\/maps.google.com\/maps?q=1934%20Bruson%20VS&#038;t=m&#038;z=12&#038;output=embed&#038;iwloc=near\"\n\t\t\t\t\ttitle=\"1934 Bruson VS\"\n\t\t\t\t\taria-label=\"1934 Bruson VS\"\n\t\t\t><\/iframe>\n\t\t<\/div>\n\t\t\t\t<\/div>\n\t\t\t\t<\/div>\n\t\t\t\t\t<\/div>\n\t\t<\/div>\n\t\t\t\t\t\t\t<\/div>\n\t\t<\/section>\n\t\t\t\t\t\t\t<\/div>","protected":false},"excerpt":{"rendered":"<p>Acc\u00e8s En avion, en train ou en voiture il est tres simple de venir en suisse, d\u2019acc\u00e9der au val de bagnes et a Bruson :\u00a0www.verbier.ch\/hiver\/mobilite\/venir-en-suisse A\u00e9roport de Gen\u00e8ve cointrin ou a\u00e9roport de Zurich Liaison en train de Gen\u00e8ve ou Zurich \u00e0 Le Ch\u00e2ble &#8211; Val de Bagnes. En cas d\u2019arriv\u00e9e par les transports publiques nous [&hellip;]<\/p>","protected":false},"author":1,"featured_media":0,"parent":0,"menu_order":0,"comment_status":"closed","ping_status":"closed","template":"","meta":{"inline_featured_image":false},"_links":{"self":[{"href":"https:\/\/kairos-hospitality.ch\/en\/wp-json\/wp\/v2\/pages\/11389"}],"collection":[{"href":"https:\/\/kairos-hospitality.ch\/en\/wp-json\/wp\/v2\/pages"}],"about":[{"href":"https:\/\/kairos-hospitality.ch\/en\/wp-json\/wp\/v2\/types\/page"}],"author":[{"embeddable":true,"href":"https:\/\/kairos-hospitality.ch\/en\/wp-json\/wp\/v2\/users\/1"}],"replies":[{"embeddable":true,"href":"https:\/\/kairos-hospitality.ch\/en\/wp-json\/wp\/v2\/comments?post=11389"}],"version-history":[{"count":30,"href":"https:\/\/kairos-hospitality.ch\/en\/wp-json\/wp\/v2\/pages\/11389\/revisions"}],"predecessor-version":[{"id":11761,"href":"https:\/\/kairos-hospitality.ch\/en\/wp-json\/wp\/v2\/pages\/11389\/revisions\/11761"}],"wp:attachment":[{"href":"https:\/\/kairos-hospitality.ch\/en\/wp-json\/wp\/v2\/media?parent=11389"}],"curies":[{"name":"wp","href":"https:\/\/api.w.org\/{rel}","templated":true}]}}